{"id":2435,"date":"2024-09-04T08:26:22","date_gmt":"2024-09-04T06:26:22","guid":{"rendered":"https:\/\/toshiba-cloud-print.eu\/terms-conditions\/"},"modified":"2025-05-16T16:53:56","modified_gmt":"2025-05-16T14:53:56","slug":"villkor","status":"publish","type":"page","link":"https:\/\/toshiba-cloud-print.eu\/sv\/villkor\/","title":{"rendered":"Villkor"},"content":{"rendered":"","protected":false},"excerpt":{"rendered":"","protected":false},"author":1,"featured_media":0,"parent":0,"menu_order":165,"comment_status":"closed","ping_status":"closed","template":"","meta":{"_acf_changed":false,"footnotes":""},"class_list":["post-2435","page","type-page","status-publish","hentry"],"acf":[],"yoast_head":"<!-- This site is optimized with the Yoast SEO plugin v25.2 - https:\/\/yoast.com\/wordpress\/plugins\/seo\/ -->\n<title>Villkor<\/title>\n<meta name=\"description\" content=\"L\u00e4s v\u00e5ra villkor, ta reda p\u00e5 vilka uppgifter vi behandlar och h\u00e5ll dig informerad.\" \/>\n<meta name=\"robots\" content=\"index, follow, max-snippet:-1, max-image-preview:large, max-video-preview:-1\" \/>\n<link rel=\"canonical\" href=\"https:\/\/toshiba-cloud-print.eu\/sv\/villkor\/\" \/>\n<meta property=\"og:locale\" content=\"sv_SE\" \/>\n<meta property=\"og:type\" content=\"article\" \/>\n<meta property=\"og:title\" content=\"Villkor\" \/>\n<meta property=\"og:description\" content=\"L\u00e4s v\u00e5ra villkor, ta reda p\u00e5 vilka uppgifter vi behandlar och h\u00e5ll dig informerad.\" \/>\n<meta property=\"og:url\" content=\"https:\/\/toshiba-cloud-print.eu\/sv\/villkor\/\" \/>\n<meta property=\"og:site_name\" content=\"Toshiba Tec Europe. All rights reserved\" \/>\n<meta property=\"article:modified_time\" content=\"2025-05-16T14:53:56+00:00\" \/>\n<meta property=\"og:image\" content=\"https:\/\/toshiba-cloud-print.eu\/wp-content\/uploads\/2024\/08\/share-img-toshiba-1.png\" \/>\n\t<meta property=\"og:image:width\" content=\"1200\" \/>\n\t<meta property=\"og:image:height\" content=\"628\" \/>\n\t<meta property=\"og:image:type\" content=\"image\/png\" \/>\n<meta name=\"twitter:card\" content=\"summary_large_image\" \/>\n<meta name=\"twitter:label1\" content=\"Ber\u00e4knad l\u00e4stid\" \/>\n\t<meta name=\"twitter:data1\" content=\"4 minuter\" \/>\n<script type=\"application\/ld+json\" class=\"yoast-schema-graph\">{\"@context\":\"https:\/\/schema.org\",\"@graph\":[{\"@type\":\"WebPage\",\"@id\":\"https:\/\/toshiba-cloud-print.eu\/sv\/villkor\/\",\"url\":\"https:\/\/toshiba-cloud-print.eu\/sv\/villkor\/\",\"name\":\"Villkor\",\"isPartOf\":{\"@id\":\"https:\/\/toshiba-cloud-print.eu\/#website\"},\"datePublished\":\"2024-09-04T06:26:22+00:00\",\"dateModified\":\"2025-05-16T14:53:56+00:00\",\"description\":\"L\u00e4s v\u00e5ra villkor, ta reda p\u00e5 vilka uppgifter vi behandlar och h\u00e5ll dig informerad.\",\"breadcrumb\":{\"@id\":\"https:\/\/toshiba-cloud-print.eu\/sv\/villkor\/#breadcrumb\"},\"inLanguage\":\"sv-SE\",\"potentialAction\":[{\"@type\":\"ReadAction\",\"target\":[\"https:\/\/toshiba-cloud-print.eu\/sv\/villkor\/\"]}]},{\"@type\":\"BreadcrumbList\",\"@id\":\"https:\/\/toshiba-cloud-print.eu\/sv\/villkor\/#breadcrumb\",\"itemListElement\":[{\"@type\":\"ListItem\",\"position\":1,\"name\":\"Home\",\"item\":\"https:\/\/toshiba-cloud-print.eu\/sv\/\"},{\"@type\":\"ListItem\",\"position\":2,\"name\":\"Villkor\"}]},{\"@type\":\"WebSite\",\"@id\":\"https:\/\/toshiba-cloud-print.eu\/#website\",\"url\":\"https:\/\/toshiba-cloud-print.eu\/\",\"name\":\"Toshiba Tec Europe. All rights reserved\",\"description\":\"Cloud Printing Solutions for Your Business\",\"publisher\":{\"@id\":\"https:\/\/toshiba-cloud-print.eu\/#organization\"},\"potentialAction\":[{\"@type\":\"SearchAction\",\"target\":{\"@type\":\"EntryPoint\",\"urlTemplate\":\"https:\/\/toshiba-cloud-print.eu\/?s={search_term_string}\"},\"query-input\":{\"@type\":\"PropertyValueSpecification\",\"valueRequired\":true,\"valueName\":\"search_term_string\"}}],\"inLanguage\":\"sv-SE\"},{\"@type\":\"Organization\",\"@id\":\"https:\/\/toshiba-cloud-print.eu\/#organization\",\"name\":\"Toshiba Tec Europe. All rights reserved\",\"url\":\"https:\/\/toshiba-cloud-print.eu\/\",\"logo\":{\"@type\":\"ImageObject\",\"inLanguage\":\"sv-SE\",\"@id\":\"https:\/\/toshiba-cloud-print.eu\/#\/schema\/logo\/image\/\",\"url\":\"https:\/\/toshiba-cloud-print.eu\/wp-content\/uploads\/2024\/08\/share-img-toshiba-1.png\",\"contentUrl\":\"https:\/\/toshiba-cloud-print.eu\/wp-content\/uploads\/2024\/08\/share-img-toshiba-1.png\",\"width\":1200,\"height\":628,\"caption\":\"Toshiba Tec Europe. All rights reserved\"},\"image\":{\"@id\":\"https:\/\/toshiba-cloud-print.eu\/#\/schema\/logo\/image\/\"}}]}<\/script>\n<!-- \/ Yoast SEO plugin. -->","yoast_head_json":{"title":"Villkor","description":"L\u00e4s v\u00e5ra villkor, ta reda p\u00e5 vilka uppgifter vi behandlar och h\u00e5ll dig informerad.","robots":{"index":"index","follow":"follow","max-snippet":"max-snippet:-1","max-image-preview":"max-image-preview:large","max-video-preview":"max-video-preview:-1"},"canonical":"https:\/\/toshiba-cloud-print.eu\/sv\/villkor\/","og_locale":"sv_SE","og_type":"article","og_title":"Villkor","og_description":"L\u00e4s v\u00e5ra villkor, ta reda p\u00e5 vilka uppgifter vi behandlar och h\u00e5ll dig informerad.","og_url":"https:\/\/toshiba-cloud-print.eu\/sv\/villkor\/","og_site_name":"Toshiba Tec Europe. All rights reserved","article_modified_time":"2025-05-16T14:53:56+00:00","og_image":[{"width":1200,"height":628,"url":"https:\/\/toshiba-cloud-print.eu\/wp-content\/uploads\/2024\/08\/share-img-toshiba-1.png","type":"image\/png"}],"twitter_card":"summary_large_image","twitter_misc":{"Ber\u00e4knad l\u00e4stid":"4 minuter"},"schema":{"@context":"https:\/\/schema.org","@graph":[{"@type":"WebPage","@id":"https:\/\/toshiba-cloud-print.eu\/sv\/villkor\/","url":"https:\/\/toshiba-cloud-print.eu\/sv\/villkor\/","name":"Villkor","isPartOf":{"@id":"https:\/\/toshiba-cloud-print.eu\/#website"},"datePublished":"2024-09-04T06:26:22+00:00","dateModified":"2025-05-16T14:53:56+00:00","description":"L\u00e4s v\u00e5ra villkor, ta reda p\u00e5 vilka uppgifter vi behandlar och h\u00e5ll dig informerad.","breadcrumb":{"@id":"https:\/\/toshiba-cloud-print.eu\/sv\/villkor\/#breadcrumb"},"inLanguage":"sv-SE","potentialAction":[{"@type":"ReadAction","target":["https:\/\/toshiba-cloud-print.eu\/sv\/villkor\/"]}]},{"@type":"BreadcrumbList","@id":"https:\/\/toshiba-cloud-print.eu\/sv\/villkor\/#breadcrumb","itemListElement":[{"@type":"ListItem","position":1,"name":"Home","item":"https:\/\/toshiba-cloud-print.eu\/sv\/"},{"@type":"ListItem","position":2,"name":"Villkor"}]},{"@type":"WebSite","@id":"https:\/\/toshiba-cloud-print.eu\/#website","url":"https:\/\/toshiba-cloud-print.eu\/","name":"Toshiba Tec Europe. All rights reserved","description":"Cloud Printing Solutions for Your Business","publisher":{"@id":"https:\/\/toshiba-cloud-print.eu\/#organization"},"potentialAction":[{"@type":"SearchAction","target":{"@type":"EntryPoint","urlTemplate":"https:\/\/toshiba-cloud-print.eu\/?s={search_term_string}"},"query-input":{"@type":"PropertyValueSpecification","valueRequired":true,"valueName":"search_term_string"}}],"inLanguage":"sv-SE"},{"@type":"Organization","@id":"https:\/\/toshiba-cloud-print.eu\/#organization","name":"Toshiba Tec Europe. All rights reserved","url":"https:\/\/toshiba-cloud-print.eu\/","logo":{"@type":"ImageObject","inLanguage":"sv-SE","@id":"https:\/\/toshiba-cloud-print.eu\/#\/schema\/logo\/image\/","url":"https:\/\/toshiba-cloud-print.eu\/wp-content\/uploads\/2024\/08\/share-img-toshiba-1.png","contentUrl":"https:\/\/toshiba-cloud-print.eu\/wp-content\/uploads\/2024\/08\/share-img-toshiba-1.png","width":1200,"height":628,"caption":"Toshiba Tec Europe. All rights reserved"},"image":{"@id":"https:\/\/toshiba-cloud-print.eu\/#\/schema\/logo\/image\/"}}]}},"_links":{"self":[{"href":"https:\/\/toshiba-cloud-print.eu\/sv\/wp-json\/wp\/v2\/pages\/2435","targetHints":{"allow":["GET"]}}],"collection":[{"href":"https:\/\/toshiba-cloud-print.eu\/sv\/wp-json\/wp\/v2\/pages"}],"about":[{"href":"https:\/\/toshiba-cloud-print.eu\/sv\/wp-json\/wp\/v2\/types\/page"}],"author":[{"embeddable":true,"href":"https:\/\/toshiba-cloud-print.eu\/sv\/wp-json\/wp\/v2\/users\/1"}],"replies":[{"embeddable":true,"href":"https:\/\/toshiba-cloud-print.eu\/sv\/wp-json\/wp\/v2\/comments?post=2435"}],"version-history":[{"count":3,"href":"https:\/\/toshiba-cloud-print.eu\/sv\/wp-json\/wp\/v2\/pages\/2435\/revisions"}],"predecessor-version":[{"id":3239,"href":"https:\/\/toshiba-cloud-print.eu\/sv\/wp-json\/wp\/v2\/pages\/2435\/revisions\/3239"}],"wp:attachment":[{"href":"https:\/\/toshiba-cloud-print.eu\/sv\/wp-json\/wp\/v2\/media?parent=2435"}],"curies":[{"name":"wp","href":"https:\/\/api.w.org\/{rel}","templated":true}]}}