{"id":2361,"date":"2024-08-29T16:35:58","date_gmt":"2024-08-29T14:35:58","guid":{"rendered":"https:\/\/toshiba-cloud-print.eu\/print-knowledge\/how-to-reduce-print-costs\/"},"modified":"2025-05-16T16:12:55","modified_gmt":"2025-05-16T14:12:55","slug":"minska-utskriftskostnader","status":"publish","type":"page","link":"https:\/\/toshiba-cloud-print.eu\/sv\/valj-ratt-utskriftslosning\/minska-utskriftskostnader\/","title":{"rendered":"S\u00e4nk era utskriftskostnader"},"content":{"rendered":"","protected":false},"excerpt":{"rendered":"","protected":false},"author":1,"featured_media":0,"parent":2352,"menu_order":73,"comment_status":"closed","ping_status":"closed","template":"","meta":{"_acf_changed":false,"footnotes":""},"class_list":["post-2361","page","type-page","status-publish","hentry"],"acf":[],"yoast_head":"<!-- This site is optimized with the Yoast SEO plugin v25.2 - https:\/\/yoast.com\/wordpress\/plugins\/seo\/ -->\n<title>S\u00e5 minskar ni era utskriftskostnader<\/title>\n<meta name=\"description\" content=\"Minska utskriftskostnaderna samtidigt som ni \u00f6kar produktiviteten och h\u00e5llbarheten med smarta strategier f\u00f6r utskriftshantering.\" \/>\n<meta name=\"robots\" content=\"index, follow, max-snippet:-1, max-image-preview:large, max-video-preview:-1\" \/>\n<link rel=\"canonical\" href=\"https:\/\/toshiba-cloud-print.eu\/sv\/minska-utskriftskostnader\/\" \/>\n<meta property=\"og:locale\" content=\"sv_SE\" \/>\n<meta property=\"og:type\" content=\"article\" \/>\n<meta property=\"og:title\" content=\"S\u00e5 minskar ni era utskriftskostnader\" \/>\n<meta property=\"og:description\" content=\"Minska utskriftskostnaderna samtidigt som ni \u00f6kar produktiviteten och h\u00e5llbarheten med smarta strategier f\u00f6r utskriftshantering.\" \/>\n<meta property=\"og:url\" content=\"https:\/\/toshiba-cloud-print.eu\/sv\/minska-utskriftskostnader\/\" \/>\n<meta property=\"og:site_name\" content=\"Toshiba Tec Europe. All rights reserved\" \/>\n<meta property=\"article:modified_time\" content=\"2025-05-16T14:12:55+00:00\" \/>\n<meta property=\"og:image\" content=\"https:\/\/toshiba-cloud-print.eu\/wp-content\/uploads\/2024\/08\/share-img-toshiba-1.png\" \/>\n\t<meta property=\"og:image:width\" content=\"1200\" \/>\n\t<meta property=\"og:image:height\" content=\"628\" \/>\n\t<meta property=\"og:image:type\" content=\"image\/png\" \/>\n<meta name=\"twitter:card\" content=\"summary_large_image\" \/>\n<meta name=\"twitter:label1\" content=\"Ber\u00e4knad l\u00e4stid\" \/>\n\t<meta name=\"twitter:data1\" content=\"4 minuter\" \/>\n<script type=\"application\/ld+json\" class=\"yoast-schema-graph\">{\"@context\":\"https:\/\/schema.org\",\"@graph\":[{\"@type\":\"WebPage\",\"@id\":\"https:\/\/toshiba-cloud-print.eu\/sv\/minska-utskriftskostnader\/\",\"url\":\"https:\/\/toshiba-cloud-print.eu\/sv\/minska-utskriftskostnader\/\",\"name\":\"S\u00e5 minskar ni era utskriftskostnader\",\"isPartOf\":{\"@id\":\"https:\/\/toshiba-cloud-print.eu\/#website\"},\"datePublished\":\"2024-08-29T14:35:58+00:00\",\"dateModified\":\"2025-05-16T14:12:55+00:00\",\"description\":\"Minska utskriftskostnaderna samtidigt som ni \u00f6kar produktiviteten och h\u00e5llbarheten med smarta strategier f\u00f6r utskriftshantering.\",\"breadcrumb\":{\"@id\":\"https:\/\/toshiba-cloud-print.eu\/sv\/minska-utskriftskostnader\/#breadcrumb\"},\"inLanguage\":\"sv-SE\",\"potentialAction\":[{\"@type\":\"ReadAction\",\"target\":[\"https:\/\/toshiba-cloud-print.eu\/sv\/minska-utskriftskostnader\/\"]}]},{\"@type\":\"BreadcrumbList\",\"@id\":\"https:\/\/toshiba-cloud-print.eu\/sv\/minska-utskriftskostnader\/#breadcrumb\",\"itemListElement\":[{\"@type\":\"ListItem\",\"position\":1,\"name\":\"Home\",\"item\":\"https:\/\/toshiba-cloud-print.eu\/sv\/\"},{\"@type\":\"ListItem\",\"position\":2,\"name\":\"S\u00e4nk era utskriftskostnader\"}]},{\"@type\":\"WebSite\",\"@id\":\"https:\/\/toshiba-cloud-print.eu\/#website\",\"url\":\"https:\/\/toshiba-cloud-print.eu\/\",\"name\":\"Toshiba Tec Europe. All rights reserved\",\"description\":\"Cloud Printing Solutions for Your Business\",\"publisher\":{\"@id\":\"https:\/\/toshiba-cloud-print.eu\/#organization\"},\"potentialAction\":[{\"@type\":\"SearchAction\",\"target\":{\"@type\":\"EntryPoint\",\"urlTemplate\":\"https:\/\/toshiba-cloud-print.eu\/?s={search_term_string}\"},\"query-input\":{\"@type\":\"PropertyValueSpecification\",\"valueRequired\":true,\"valueName\":\"search_term_string\"}}],\"inLanguage\":\"sv-SE\"},{\"@type\":\"Organization\",\"@id\":\"https:\/\/toshiba-cloud-print.eu\/#organization\",\"name\":\"Toshiba Tec Europe. All rights reserved\",\"url\":\"https:\/\/toshiba-cloud-print.eu\/\",\"logo\":{\"@type\":\"ImageObject\",\"inLanguage\":\"sv-SE\",\"@id\":\"https:\/\/toshiba-cloud-print.eu\/#\/schema\/logo\/image\/\",\"url\":\"https:\/\/toshiba-cloud-print.eu\/wp-content\/uploads\/2024\/08\/share-img-toshiba-1.png\",\"contentUrl\":\"https:\/\/toshiba-cloud-print.eu\/wp-content\/uploads\/2024\/08\/share-img-toshiba-1.png\",\"width\":1200,\"height\":628,\"caption\":\"Toshiba Tec Europe. All rights reserved\"},\"image\":{\"@id\":\"https:\/\/toshiba-cloud-print.eu\/#\/schema\/logo\/image\/\"}}]}<\/script>\n<!-- \/ Yoast SEO plugin. -->","yoast_head_json":{"title":"S\u00e5 minskar ni era utskriftskostnader","description":"Minska utskriftskostnaderna samtidigt som ni \u00f6kar produktiviteten och h\u00e5llbarheten med smarta strategier f\u00f6r utskriftshantering.","robots":{"index":"index","follow":"follow","max-snippet":"max-snippet:-1","max-image-preview":"max-image-preview:large","max-video-preview":"max-video-preview:-1"},"canonical":"https:\/\/toshiba-cloud-print.eu\/sv\/minska-utskriftskostnader\/","og_locale":"sv_SE","og_type":"article","og_title":"S\u00e5 minskar ni era utskriftskostnader","og_description":"Minska utskriftskostnaderna samtidigt som ni \u00f6kar produktiviteten och h\u00e5llbarheten med smarta strategier f\u00f6r utskriftshantering.","og_url":"https:\/\/toshiba-cloud-print.eu\/sv\/minska-utskriftskostnader\/","og_site_name":"Toshiba Tec Europe. All rights reserved","article_modified_time":"2025-05-16T14:12:55+00:00","og_image":[{"width":1200,"height":628,"url":"https:\/\/toshiba-cloud-print.eu\/wp-content\/uploads\/2024\/08\/share-img-toshiba-1.png","type":"image\/png"}],"twitter_card":"summary_large_image","twitter_misc":{"Ber\u00e4knad l\u00e4stid":"4 minuter"},"schema":{"@context":"https:\/\/schema.org","@graph":[{"@type":"WebPage","@id":"https:\/\/toshiba-cloud-print.eu\/sv\/minska-utskriftskostnader\/","url":"https:\/\/toshiba-cloud-print.eu\/sv\/minska-utskriftskostnader\/","name":"S\u00e5 minskar ni era utskriftskostnader","isPartOf":{"@id":"https:\/\/toshiba-cloud-print.eu\/#website"},"datePublished":"2024-08-29T14:35:58+00:00","dateModified":"2025-05-16T14:12:55+00:00","description":"Minska utskriftskostnaderna samtidigt som ni \u00f6kar produktiviteten och h\u00e5llbarheten med smarta strategier f\u00f6r utskriftshantering.","breadcrumb":{"@id":"https:\/\/toshiba-cloud-print.eu\/sv\/minska-utskriftskostnader\/#breadcrumb"},"inLanguage":"sv-SE","potentialAction":[{"@type":"ReadAction","target":["https:\/\/toshiba-cloud-print.eu\/sv\/minska-utskriftskostnader\/"]}]},{"@type":"BreadcrumbList","@id":"https:\/\/toshiba-cloud-print.eu\/sv\/minska-utskriftskostnader\/#breadcrumb","itemListElement":[{"@type":"ListItem","position":1,"name":"Home","item":"https:\/\/toshiba-cloud-print.eu\/sv\/"},{"@type":"ListItem","position":2,"name":"S\u00e4nk era utskriftskostnader"}]},{"@type":"WebSite","@id":"https:\/\/toshiba-cloud-print.eu\/#website","url":"https:\/\/toshiba-cloud-print.eu\/","name":"Toshiba Tec Europe. All rights reserved","description":"Cloud Printing Solutions for Your Business","publisher":{"@id":"https:\/\/toshiba-cloud-print.eu\/#organization"},"potentialAction":[{"@type":"SearchAction","target":{"@type":"EntryPoint","urlTemplate":"https:\/\/toshiba-cloud-print.eu\/?s={search_term_string}"},"query-input":{"@type":"PropertyValueSpecification","valueRequired":true,"valueName":"search_term_string"}}],"inLanguage":"sv-SE"},{"@type":"Organization","@id":"https:\/\/toshiba-cloud-print.eu\/#organization","name":"Toshiba Tec Europe. All rights reserved","url":"https:\/\/toshiba-cloud-print.eu\/","logo":{"@type":"ImageObject","inLanguage":"sv-SE","@id":"https:\/\/toshiba-cloud-print.eu\/#\/schema\/logo\/image\/","url":"https:\/\/toshiba-cloud-print.eu\/wp-content\/uploads\/2024\/08\/share-img-toshiba-1.png","contentUrl":"https:\/\/toshiba-cloud-print.eu\/wp-content\/uploads\/2024\/08\/share-img-toshiba-1.png","width":1200,"height":628,"caption":"Toshiba Tec Europe. All rights reserved"},"image":{"@id":"https:\/\/toshiba-cloud-print.eu\/#\/schema\/logo\/image\/"}}]}},"_links":{"self":[{"href":"https:\/\/toshiba-cloud-print.eu\/sv\/wp-json\/wp\/v2\/pages\/2361","targetHints":{"allow":["GET"]}}],"collection":[{"href":"https:\/\/toshiba-cloud-print.eu\/sv\/wp-json\/wp\/v2\/pages"}],"about":[{"href":"https:\/\/toshiba-cloud-print.eu\/sv\/wp-json\/wp\/v2\/types\/page"}],"author":[{"embeddable":true,"href":"https:\/\/toshiba-cloud-print.eu\/sv\/wp-json\/wp\/v2\/users\/1"}],"replies":[{"embeddable":true,"href":"https:\/\/toshiba-cloud-print.eu\/sv\/wp-json\/wp\/v2\/comments?post=2361"}],"version-history":[{"count":10,"href":"https:\/\/toshiba-cloud-print.eu\/sv\/wp-json\/wp\/v2\/pages\/2361\/revisions"}],"predecessor-version":[{"id":3511,"href":"https:\/\/toshiba-cloud-print.eu\/sv\/wp-json\/wp\/v2\/pages\/2361\/revisions\/3511"}],"up":[{"embeddable":true,"href":"https:\/\/toshiba-cloud-print.eu\/sv\/wp-json\/wp\/v2\/pages\/2352"}],"wp:attachment":[{"href":"https:\/\/toshiba-cloud-print.eu\/sv\/wp-json\/wp\/v2\/media?parent=2361"}],"curies":[{"name":"wp","href":"https:\/\/api.w.org\/{rel}","templated":true}]}}