{"id":2357,"date":"2024-08-29T15:12:21","date_gmt":"2024-08-29T13:12:21","guid":{"rendered":"https:\/\/toshiba-cloud-print.eu\/print-knowledge\/how-to-reduce-it-costs\/"},"modified":"2025-05-16T16:11:44","modified_gmt":"2025-05-16T14:11:44","slug":"minska-it-kostnader","status":"publish","type":"page","link":"https:\/\/toshiba-cloud-print.eu\/sv\/valj-ratt-utskriftslosning\/minska-it-kostnader\/","title":{"rendered":"S\u00e4nk IT-kostnaderna"},"content":{"rendered":"","protected":false},"excerpt":{"rendered":"","protected":false},"author":1,"featured_media":0,"parent":2352,"menu_order":67,"comment_status":"closed","ping_status":"closed","template":"","meta":{"_acf_changed":false,"footnotes":""},"class_list":["post-2357","page","type-page","status-publish","hentry"],"acf":[],"yoast_head":"<!-- This site is optimized with the Yoast SEO plugin v25.2 - https:\/\/yoast.com\/wordpress\/plugins\/seo\/ -->\n<title>S\u00e4nkta IT-kostnader. S\u00e5 fungerar det.<\/title>\n<meta name=\"description\" content=\"Minska dolda arbets-, energi- och s\u00e4kerhetskostnader. \u25ba L\u00e4s mer\" \/>\n<meta name=\"robots\" content=\"index, follow, max-snippet:-1, max-image-preview:large, max-video-preview:-1\" \/>\n<link rel=\"canonical\" href=\"https:\/\/toshiba-cloud-print.eu\/sv\/minska-it-kostnader\/\" \/>\n<meta property=\"og:locale\" content=\"sv_SE\" \/>\n<meta property=\"og:type\" content=\"article\" \/>\n<meta property=\"og:title\" content=\"S\u00e4nkta IT-kostnader. S\u00e5 fungerar det.\" \/>\n<meta property=\"og:description\" content=\"Minska dolda arbets-, energi- och s\u00e4kerhetskostnader. \u25ba L\u00e4s mer\" \/>\n<meta property=\"og:url\" content=\"https:\/\/toshiba-cloud-print.eu\/sv\/minska-it-kostnader\/\" \/>\n<meta property=\"og:site_name\" content=\"Toshiba Tec Europe. All rights reserved\" \/>\n<meta property=\"article:modified_time\" content=\"2025-05-16T14:11:44+00:00\" \/>\n<meta property=\"og:image\" content=\"https:\/\/toshiba-cloud-print.eu\/wp-content\/uploads\/2024\/08\/share-img-toshiba-1.png\" \/>\n\t<meta property=\"og:image:width\" content=\"1200\" \/>\n\t<meta property=\"og:image:height\" content=\"628\" \/>\n\t<meta property=\"og:image:type\" content=\"image\/png\" \/>\n<meta name=\"twitter:card\" content=\"summary_large_image\" \/>\n<meta name=\"twitter:label1\" content=\"Ber\u00e4knad l\u00e4stid\" \/>\n\t<meta name=\"twitter:data1\" content=\"4 minuter\" \/>\n<script type=\"application\/ld+json\" class=\"yoast-schema-graph\">{\"@context\":\"https:\/\/schema.org\",\"@graph\":[{\"@type\":\"WebPage\",\"@id\":\"https:\/\/toshiba-cloud-print.eu\/sv\/minska-it-kostnader\/\",\"url\":\"https:\/\/toshiba-cloud-print.eu\/sv\/minska-it-kostnader\/\",\"name\":\"S\u00e4nkta IT-kostnader. S\u00e5 fungerar det.\",\"isPartOf\":{\"@id\":\"https:\/\/toshiba-cloud-print.eu\/#website\"},\"datePublished\":\"2024-08-29T13:12:21+00:00\",\"dateModified\":\"2025-05-16T14:11:44+00:00\",\"description\":\"Minska dolda arbets-, energi- och s\u00e4kerhetskostnader. \u25ba L\u00e4s mer\",\"breadcrumb\":{\"@id\":\"https:\/\/toshiba-cloud-print.eu\/sv\/minska-it-kostnader\/#breadcrumb\"},\"inLanguage\":\"sv-SE\",\"potentialAction\":[{\"@type\":\"ReadAction\",\"target\":[\"https:\/\/toshiba-cloud-print.eu\/sv\/minska-it-kostnader\/\"]}]},{\"@type\":\"BreadcrumbList\",\"@id\":\"https:\/\/toshiba-cloud-print.eu\/sv\/minska-it-kostnader\/#breadcrumb\",\"itemListElement\":[{\"@type\":\"ListItem\",\"position\":1,\"name\":\"Home\",\"item\":\"https:\/\/toshiba-cloud-print.eu\/sv\/\"},{\"@type\":\"ListItem\",\"position\":2,\"name\":\"S\u00e4nk IT-kostnaderna\"}]},{\"@type\":\"WebSite\",\"@id\":\"https:\/\/toshiba-cloud-print.eu\/#website\",\"url\":\"https:\/\/toshiba-cloud-print.eu\/\",\"name\":\"Toshiba Tec Europe. All rights reserved\",\"description\":\"Cloud Printing Solutions for Your Business\",\"publisher\":{\"@id\":\"https:\/\/toshiba-cloud-print.eu\/#organization\"},\"potentialAction\":[{\"@type\":\"SearchAction\",\"target\":{\"@type\":\"EntryPoint\",\"urlTemplate\":\"https:\/\/toshiba-cloud-print.eu\/?s={search_term_string}\"},\"query-input\":{\"@type\":\"PropertyValueSpecification\",\"valueRequired\":true,\"valueName\":\"search_term_string\"}}],\"inLanguage\":\"sv-SE\"},{\"@type\":\"Organization\",\"@id\":\"https:\/\/toshiba-cloud-print.eu\/#organization\",\"name\":\"Toshiba Tec Europe. All rights reserved\",\"url\":\"https:\/\/toshiba-cloud-print.eu\/\",\"logo\":{\"@type\":\"ImageObject\",\"inLanguage\":\"sv-SE\",\"@id\":\"https:\/\/toshiba-cloud-print.eu\/#\/schema\/logo\/image\/\",\"url\":\"https:\/\/toshiba-cloud-print.eu\/wp-content\/uploads\/2024\/08\/share-img-toshiba-1.png\",\"contentUrl\":\"https:\/\/toshiba-cloud-print.eu\/wp-content\/uploads\/2024\/08\/share-img-toshiba-1.png\",\"width\":1200,\"height\":628,\"caption\":\"Toshiba Tec Europe. All rights reserved\"},\"image\":{\"@id\":\"https:\/\/toshiba-cloud-print.eu\/#\/schema\/logo\/image\/\"}}]}<\/script>\n<!-- \/ Yoast SEO plugin. -->","yoast_head_json":{"title":"S\u00e4nkta IT-kostnader. S\u00e5 fungerar det.","description":"Minska dolda arbets-, energi- och s\u00e4kerhetskostnader. \u25ba L\u00e4s mer","robots":{"index":"index","follow":"follow","max-snippet":"max-snippet:-1","max-image-preview":"max-image-preview:large","max-video-preview":"max-video-preview:-1"},"canonical":"https:\/\/toshiba-cloud-print.eu\/sv\/minska-it-kostnader\/","og_locale":"sv_SE","og_type":"article","og_title":"S\u00e4nkta IT-kostnader. S\u00e5 fungerar det.","og_description":"Minska dolda arbets-, energi- och s\u00e4kerhetskostnader. \u25ba L\u00e4s mer","og_url":"https:\/\/toshiba-cloud-print.eu\/sv\/minska-it-kostnader\/","og_site_name":"Toshiba Tec Europe. All rights reserved","article_modified_time":"2025-05-16T14:11:44+00:00","og_image":[{"width":1200,"height":628,"url":"https:\/\/toshiba-cloud-print.eu\/wp-content\/uploads\/2024\/08\/share-img-toshiba-1.png","type":"image\/png"}],"twitter_card":"summary_large_image","twitter_misc":{"Ber\u00e4knad l\u00e4stid":"4 minuter"},"schema":{"@context":"https:\/\/schema.org","@graph":[{"@type":"WebPage","@id":"https:\/\/toshiba-cloud-print.eu\/sv\/minska-it-kostnader\/","url":"https:\/\/toshiba-cloud-print.eu\/sv\/minska-it-kostnader\/","name":"S\u00e4nkta IT-kostnader. S\u00e5 fungerar det.","isPartOf":{"@id":"https:\/\/toshiba-cloud-print.eu\/#website"},"datePublished":"2024-08-29T13:12:21+00:00","dateModified":"2025-05-16T14:11:44+00:00","description":"Minska dolda arbets-, energi- och s\u00e4kerhetskostnader. \u25ba L\u00e4s mer","breadcrumb":{"@id":"https:\/\/toshiba-cloud-print.eu\/sv\/minska-it-kostnader\/#breadcrumb"},"inLanguage":"sv-SE","potentialAction":[{"@type":"ReadAction","target":["https:\/\/toshiba-cloud-print.eu\/sv\/minska-it-kostnader\/"]}]},{"@type":"BreadcrumbList","@id":"https:\/\/toshiba-cloud-print.eu\/sv\/minska-it-kostnader\/#breadcrumb","itemListElement":[{"@type":"ListItem","position":1,"name":"Home","item":"https:\/\/toshiba-cloud-print.eu\/sv\/"},{"@type":"ListItem","position":2,"name":"S\u00e4nk IT-kostnaderna"}]},{"@type":"WebSite","@id":"https:\/\/toshiba-cloud-print.eu\/#website","url":"https:\/\/toshiba-cloud-print.eu\/","name":"Toshiba Tec Europe. All rights reserved","description":"Cloud Printing Solutions for Your Business","publisher":{"@id":"https:\/\/toshiba-cloud-print.eu\/#organization"},"potentialAction":[{"@type":"SearchAction","target":{"@type":"EntryPoint","urlTemplate":"https:\/\/toshiba-cloud-print.eu\/?s={search_term_string}"},"query-input":{"@type":"PropertyValueSpecification","valueRequired":true,"valueName":"search_term_string"}}],"inLanguage":"sv-SE"},{"@type":"Organization","@id":"https:\/\/toshiba-cloud-print.eu\/#organization","name":"Toshiba Tec Europe. All rights reserved","url":"https:\/\/toshiba-cloud-print.eu\/","logo":{"@type":"ImageObject","inLanguage":"sv-SE","@id":"https:\/\/toshiba-cloud-print.eu\/#\/schema\/logo\/image\/","url":"https:\/\/toshiba-cloud-print.eu\/wp-content\/uploads\/2024\/08\/share-img-toshiba-1.png","contentUrl":"https:\/\/toshiba-cloud-print.eu\/wp-content\/uploads\/2024\/08\/share-img-toshiba-1.png","width":1200,"height":628,"caption":"Toshiba Tec Europe. All rights reserved"},"image":{"@id":"https:\/\/toshiba-cloud-print.eu\/#\/schema\/logo\/image\/"}}]}},"_links":{"self":[{"href":"https:\/\/toshiba-cloud-print.eu\/sv\/wp-json\/wp\/v2\/pages\/2357","targetHints":{"allow":["GET"]}}],"collection":[{"href":"https:\/\/toshiba-cloud-print.eu\/sv\/wp-json\/wp\/v2\/pages"}],"about":[{"href":"https:\/\/toshiba-cloud-print.eu\/sv\/wp-json\/wp\/v2\/types\/page"}],"author":[{"embeddable":true,"href":"https:\/\/toshiba-cloud-print.eu\/sv\/wp-json\/wp\/v2\/users\/1"}],"replies":[{"embeddable":true,"href":"https:\/\/toshiba-cloud-print.eu\/sv\/wp-json\/wp\/v2\/comments?post=2357"}],"version-history":[{"count":8,"href":"https:\/\/toshiba-cloud-print.eu\/sv\/wp-json\/wp\/v2\/pages\/2357\/revisions"}],"predecessor-version":[{"id":3439,"href":"https:\/\/toshiba-cloud-print.eu\/sv\/wp-json\/wp\/v2\/pages\/2357\/revisions\/3439"}],"up":[{"embeddable":true,"href":"https:\/\/toshiba-cloud-print.eu\/sv\/wp-json\/wp\/v2\/pages\/2352"}],"wp:attachment":[{"href":"https:\/\/toshiba-cloud-print.eu\/sv\/wp-json\/wp\/v2\/media?parent=2357"}],"curies":[{"name":"wp","href":"https:\/\/api.w.org\/{rel}","templated":true}]}}