{"id":4780,"date":"2024-08-29T09:52:45","date_gmt":"2024-08-29T07:52:45","guid":{"rendered":"https:\/\/toshiba-cloud-print.eu\/solutions\/remote-printing\/mobile-printing\/"},"modified":"2026-05-08T15:47:05","modified_gmt":"2026-05-08T13:47:05","slug":"drukowanie-z-telefonu","status":"publish","type":"page","link":"https:\/\/toshiba-cloud-print.eu\/pl\/rozwiazania-druku\/zdalne-drukowanie\/drukowanie-z-telefonu\/","title":{"rendered":"Drukowanie z telefonu"},"content":{"rendered":"","protected":false},"excerpt":{"rendered":"","protected":false},"author":1,"featured_media":0,"parent":4779,"menu_order":6,"comment_status":"closed","ping_status":"closed","template":"","meta":{"_acf_changed":false,"footnotes":""},"class_list":["post-4780","page","type-page","status-publish","hentry"],"acf":[],"yoast_head":"<!-- This site is optimized with the Yoast SEO plugin v25.2 - https:\/\/yoast.com\/wordpress\/plugins\/seo\/ -->\n<title>Drukowanie z telefonu<\/title>\n<meta name=\"description\" content=\"Odkryj rozwi\u0105zania do drukowania mobilnego, kt\u00f3re zwi\u0119ksz\u0105 produktywno\u015b\u0107 i elastyczno\u015b\u0107 Twojej si\u0142y roboczej. Dowiedz si\u0119, jak bezpiecznie drukowa\u0107 z urz\u0105dze\u0144 mobilnych.\" \/>\n<meta name=\"robots\" content=\"index, follow, max-snippet:-1, max-image-preview:large, max-video-preview:-1\" \/>\n<link rel=\"canonical\" href=\"https:\/\/toshiba-cloud-print.eu\/pl\/rozwiazania-druku\/zdalne-drukowanie\/drukowanie-z-telefonu\/\" \/>\n<meta property=\"og:locale\" content=\"pl_PL\" \/>\n<meta property=\"og:type\" content=\"article\" \/>\n<meta property=\"og:title\" content=\"Drukowanie z telefonu\" \/>\n<meta property=\"og:description\" content=\"Odkryj rozwi\u0105zania do drukowania mobilnego, kt\u00f3re zwi\u0119ksz\u0105 produktywno\u015b\u0107 i elastyczno\u015b\u0107 Twojej si\u0142y roboczej. Dowiedz si\u0119, jak bezpiecznie drukowa\u0107 z urz\u0105dze\u0144 mobilnych.\" \/>\n<meta property=\"og:url\" content=\"https:\/\/toshiba-cloud-print.eu\/pl\/rozwiazania-druku\/zdalne-drukowanie\/drukowanie-z-telefonu\/\" \/>\n<meta property=\"og:site_name\" content=\"Toshiba Tec Europe. All rights reserved\" \/>\n<meta property=\"article:modified_time\" content=\"2026-05-08T13:47:05+00:00\" \/>\n<meta property=\"og:image\" content=\"https:\/\/toshiba-cloud-print.eu\/wp-content\/uploads\/2024\/08\/share-img-toshiba-1.png\" \/>\n\t<meta property=\"og:image:width\" content=\"1200\" \/>\n\t<meta property=\"og:image:height\" content=\"628\" \/>\n\t<meta property=\"og:image:type\" content=\"image\/png\" \/>\n<meta name=\"twitter:card\" content=\"summary_large_image\" \/>\n<meta name=\"twitter:label1\" content=\"Szacowany czas czytania\" \/>\n\t<meta name=\"twitter:data1\" content=\"3 minuty\" \/>\n<script type=\"application\/ld+json\" class=\"yoast-schema-graph\">{\"@context\":\"https:\/\/schema.org\",\"@graph\":[{\"@type\":\"WebPage\",\"@id\":\"https:\/\/toshiba-cloud-print.eu\/pl\/rozwiazania-druku\/zdalne-drukowanie\/drukowanie-z-telefonu\/\",\"url\":\"https:\/\/toshiba-cloud-print.eu\/pl\/rozwiazania-druku\/zdalne-drukowanie\/drukowanie-z-telefonu\/\",\"name\":\"Drukowanie z telefonu\",\"isPartOf\":{\"@id\":\"https:\/\/toshiba-cloud-print.eu\/#website\"},\"datePublished\":\"2024-08-29T07:52:45+00:00\",\"dateModified\":\"2026-05-08T13:47:05+00:00\",\"description\":\"Odkryj rozwi\u0105zania do drukowania mobilnego, kt\u00f3re zwi\u0119ksz\u0105 produktywno\u015b\u0107 i elastyczno\u015b\u0107 Twojej si\u0142y roboczej. Dowiedz si\u0119, jak bezpiecznie drukowa\u0107 z urz\u0105dze\u0144 mobilnych.\",\"breadcrumb\":{\"@id\":\"https:\/\/toshiba-cloud-print.eu\/pl\/rozwiazania-druku\/zdalne-drukowanie\/drukowanie-z-telefonu\/#breadcrumb\"},\"inLanguage\":\"pl-PL\",\"potentialAction\":[{\"@type\":\"ReadAction\",\"target\":[\"https:\/\/toshiba-cloud-print.eu\/pl\/rozwiazania-druku\/zdalne-drukowanie\/drukowanie-z-telefonu\/\"]}]},{\"@type\":\"BreadcrumbList\",\"@id\":\"https:\/\/toshiba-cloud-print.eu\/pl\/rozwiazania-druku\/zdalne-drukowanie\/drukowanie-z-telefonu\/#breadcrumb\",\"itemListElement\":[{\"@type\":\"ListItem\",\"position\":1,\"name\":\"Home\",\"item\":\"https:\/\/toshiba-cloud-print.eu\/pl\/\"},{\"@type\":\"ListItem\",\"position\":2,\"name\":\"Rozwi\u0105zania druku\",\"item\":\"https:\/\/toshiba-cloud-print.eu\/pl\/rozwiazania-druku\/\"},{\"@type\":\"ListItem\",\"position\":3,\"name\":\"Zdalne drukowanie\",\"item\":\"https:\/\/toshiba-cloud-print.eu\/pl\/rozwiazania-druku\/zdalne-drukowanie\/\"},{\"@type\":\"ListItem\",\"position\":4,\"name\":\"Drukowanie z telefonu\"}]},{\"@type\":\"WebSite\",\"@id\":\"https:\/\/toshiba-cloud-print.eu\/#website\",\"url\":\"https:\/\/toshiba-cloud-print.eu\/\",\"name\":\"Toshiba Tec Europe. All rights reserved\",\"description\":\"Cloud Printing Solutions for Your Business\",\"publisher\":{\"@id\":\"https:\/\/toshiba-cloud-print.eu\/#organization\"},\"potentialAction\":[{\"@type\":\"SearchAction\",\"target\":{\"@type\":\"EntryPoint\",\"urlTemplate\":\"https:\/\/toshiba-cloud-print.eu\/?s={search_term_string}\"},\"query-input\":{\"@type\":\"PropertyValueSpecification\",\"valueRequired\":true,\"valueName\":\"search_term_string\"}}],\"inLanguage\":\"pl-PL\"},{\"@type\":\"Organization\",\"@id\":\"https:\/\/toshiba-cloud-print.eu\/#organization\",\"name\":\"Toshiba Tec Europe. All rights reserved\",\"url\":\"https:\/\/toshiba-cloud-print.eu\/\",\"logo\":{\"@type\":\"ImageObject\",\"inLanguage\":\"pl-PL\",\"@id\":\"https:\/\/toshiba-cloud-print.eu\/#\/schema\/logo\/image\/\",\"url\":\"https:\/\/toshiba-cloud-print.eu\/wp-content\/uploads\/2024\/08\/share-img-toshiba-1.png\",\"contentUrl\":\"https:\/\/toshiba-cloud-print.eu\/wp-content\/uploads\/2024\/08\/share-img-toshiba-1.png\",\"width\":1200,\"height\":628,\"caption\":\"Toshiba Tec Europe. All rights reserved\"},\"image\":{\"@id\":\"https:\/\/toshiba-cloud-print.eu\/#\/schema\/logo\/image\/\"}}]}<\/script>\n<!-- \/ Yoast SEO plugin. -->","yoast_head_json":{"title":"Drukowanie z telefonu","description":"Odkryj rozwi\u0105zania do drukowania mobilnego, kt\u00f3re zwi\u0119ksz\u0105 produktywno\u015b\u0107 i elastyczno\u015b\u0107 Twojej si\u0142y roboczej. Dowiedz si\u0119, jak bezpiecznie drukowa\u0107 z urz\u0105dze\u0144 mobilnych.","robots":{"index":"index","follow":"follow","max-snippet":"max-snippet:-1","max-image-preview":"max-image-preview:large","max-video-preview":"max-video-preview:-1"},"canonical":"https:\/\/toshiba-cloud-print.eu\/pl\/rozwiazania-druku\/zdalne-drukowanie\/drukowanie-z-telefonu\/","og_locale":"pl_PL","og_type":"article","og_title":"Drukowanie z telefonu","og_description":"Odkryj rozwi\u0105zania do drukowania mobilnego, kt\u00f3re zwi\u0119ksz\u0105 produktywno\u015b\u0107 i elastyczno\u015b\u0107 Twojej si\u0142y roboczej. Dowiedz si\u0119, jak bezpiecznie drukowa\u0107 z urz\u0105dze\u0144 mobilnych.","og_url":"https:\/\/toshiba-cloud-print.eu\/pl\/rozwiazania-druku\/zdalne-drukowanie\/drukowanie-z-telefonu\/","og_site_name":"Toshiba Tec Europe. All rights reserved","article_modified_time":"2026-05-08T13:47:05+00:00","og_image":[{"width":1200,"height":628,"url":"https:\/\/toshiba-cloud-print.eu\/wp-content\/uploads\/2024\/08\/share-img-toshiba-1.png","type":"image\/png"}],"twitter_card":"summary_large_image","twitter_misc":{"Szacowany czas czytania":"3 minuty"},"schema":{"@context":"https:\/\/schema.org","@graph":[{"@type":"WebPage","@id":"https:\/\/toshiba-cloud-print.eu\/pl\/rozwiazania-druku\/zdalne-drukowanie\/drukowanie-z-telefonu\/","url":"https:\/\/toshiba-cloud-print.eu\/pl\/rozwiazania-druku\/zdalne-drukowanie\/drukowanie-z-telefonu\/","name":"Drukowanie z telefonu","isPartOf":{"@id":"https:\/\/toshiba-cloud-print.eu\/#website"},"datePublished":"2024-08-29T07:52:45+00:00","dateModified":"2026-05-08T13:47:05+00:00","description":"Odkryj rozwi\u0105zania do drukowania mobilnego, kt\u00f3re zwi\u0119ksz\u0105 produktywno\u015b\u0107 i elastyczno\u015b\u0107 Twojej si\u0142y roboczej. Dowiedz si\u0119, jak bezpiecznie drukowa\u0107 z urz\u0105dze\u0144 mobilnych.","breadcrumb":{"@id":"https:\/\/toshiba-cloud-print.eu\/pl\/rozwiazania-druku\/zdalne-drukowanie\/drukowanie-z-telefonu\/#breadcrumb"},"inLanguage":"pl-PL","potentialAction":[{"@type":"ReadAction","target":["https:\/\/toshiba-cloud-print.eu\/pl\/rozwiazania-druku\/zdalne-drukowanie\/drukowanie-z-telefonu\/"]}]},{"@type":"BreadcrumbList","@id":"https:\/\/toshiba-cloud-print.eu\/pl\/rozwiazania-druku\/zdalne-drukowanie\/drukowanie-z-telefonu\/#breadcrumb","itemListElement":[{"@type":"ListItem","position":1,"name":"Home","item":"https:\/\/toshiba-cloud-print.eu\/pl\/"},{"@type":"ListItem","position":2,"name":"Rozwi\u0105zania druku","item":"https:\/\/toshiba-cloud-print.eu\/pl\/rozwiazania-druku\/"},{"@type":"ListItem","position":3,"name":"Zdalne drukowanie","item":"https:\/\/toshiba-cloud-print.eu\/pl\/rozwiazania-druku\/zdalne-drukowanie\/"},{"@type":"ListItem","position":4,"name":"Drukowanie z telefonu"}]},{"@type":"WebSite","@id":"https:\/\/toshiba-cloud-print.eu\/#website","url":"https:\/\/toshiba-cloud-print.eu\/","name":"Toshiba Tec Europe. All rights reserved","description":"Cloud Printing Solutions for Your Business","publisher":{"@id":"https:\/\/toshiba-cloud-print.eu\/#organization"},"potentialAction":[{"@type":"SearchAction","target":{"@type":"EntryPoint","urlTemplate":"https:\/\/toshiba-cloud-print.eu\/?s={search_term_string}"},"query-input":{"@type":"PropertyValueSpecification","valueRequired":true,"valueName":"search_term_string"}}],"inLanguage":"pl-PL"},{"@type":"Organization","@id":"https:\/\/toshiba-cloud-print.eu\/#organization","name":"Toshiba Tec Europe. All rights reserved","url":"https:\/\/toshiba-cloud-print.eu\/","logo":{"@type":"ImageObject","inLanguage":"pl-PL","@id":"https:\/\/toshiba-cloud-print.eu\/#\/schema\/logo\/image\/","url":"https:\/\/toshiba-cloud-print.eu\/wp-content\/uploads\/2024\/08\/share-img-toshiba-1.png","contentUrl":"https:\/\/toshiba-cloud-print.eu\/wp-content\/uploads\/2024\/08\/share-img-toshiba-1.png","width":1200,"height":628,"caption":"Toshiba Tec Europe. All rights reserved"},"image":{"@id":"https:\/\/toshiba-cloud-print.eu\/#\/schema\/logo\/image\/"}}]}},"_links":{"self":[{"href":"https:\/\/toshiba-cloud-print.eu\/pl\/wp-json\/wp\/v2\/pages\/4780","targetHints":{"allow":["GET"]}}],"collection":[{"href":"https:\/\/toshiba-cloud-print.eu\/pl\/wp-json\/wp\/v2\/pages"}],"about":[{"href":"https:\/\/toshiba-cloud-print.eu\/pl\/wp-json\/wp\/v2\/types\/page"}],"author":[{"embeddable":true,"href":"https:\/\/toshiba-cloud-print.eu\/pl\/wp-json\/wp\/v2\/users\/1"}],"replies":[{"embeddable":true,"href":"https:\/\/toshiba-cloud-print.eu\/pl\/wp-json\/wp\/v2\/comments?post=4780"}],"version-history":[{"count":6,"href":"https:\/\/toshiba-cloud-print.eu\/pl\/wp-json\/wp\/v2\/pages\/4780\/revisions"}],"predecessor-version":[{"id":4951,"href":"https:\/\/toshiba-cloud-print.eu\/pl\/wp-json\/wp\/v2\/pages\/4780\/revisions\/4951"}],"up":[{"embeddable":true,"href":"https:\/\/toshiba-cloud-print.eu\/pl\/wp-json\/wp\/v2\/pages\/4779"}],"wp:attachment":[{"href":"https:\/\/toshiba-cloud-print.eu\/pl\/wp-json\/wp\/v2\/media?parent=4780"}],"curies":[{"name":"wp","href":"https:\/\/api.w.org\/{rel}","templated":true}]}}