{"id":4770,"date":"2024-08-29T15:12:21","date_gmt":"2024-08-29T13:12:21","guid":{"rendered":"https:\/\/toshiba-cloud-print.eu\/print-knowledge\/how-to-reduce-it-costs\/"},"modified":"2026-05-08T15:46:03","modified_gmt":"2026-05-08T13:46:03","slug":"optymalizacja-kosztow-it","status":"publish","type":"page","link":"https:\/\/toshiba-cloud-print.eu\/pl\/wiedza\/optymalizacja-kosztow-it\/","title":{"rendered":"Optymalizacja koszt\u00f3w it"},"content":{"rendered":"","protected":false},"excerpt":{"rendered":"","protected":false},"author":1,"featured_media":0,"parent":4769,"menu_order":67,"comment_status":"closed","ping_status":"closed","template":"","meta":{"_acf_changed":false,"footnotes":""},"class_list":["post-4770","page","type-page","status-publish","hentry"],"acf":[],"yoast_head":"<!-- This site is optimized with the Yoast SEO plugin v25.2 - https:\/\/yoast.com\/wordpress\/plugins\/seo\/ -->\n<title>Optymalizacja koszt\u00f3w it<\/title>\n<meta name=\"description\" content=\"Skutecznie redukuj koszty IT, optymalizuj\u0105c infrastruktur\u0119 i wdra\u017caj\u0105c rozwi\u0105zania chmurowe. Dowiedz si\u0119, jak ograniczy\u0107 ukryte wydatki na robocizn\u0119, energi\u0119 i bezpiecze\u0144stwo.\" \/>\n<meta name=\"robots\" content=\"index, follow, max-snippet:-1, max-image-preview:large, max-video-preview:-1\" \/>\n<link rel=\"canonical\" href=\"https:\/\/toshiba-cloud-print.eu\/pl\/wiedza\/optymalizacja-kosztow-it\/\" \/>\n<meta property=\"og:locale\" content=\"pl_PL\" \/>\n<meta property=\"og:type\" content=\"article\" \/>\n<meta property=\"og:title\" content=\"Optymalizacja koszt\u00f3w it\" \/>\n<meta property=\"og:description\" content=\"Skutecznie redukuj koszty IT, optymalizuj\u0105c infrastruktur\u0119 i wdra\u017caj\u0105c rozwi\u0105zania chmurowe. Dowiedz si\u0119, jak ograniczy\u0107 ukryte wydatki na robocizn\u0119, energi\u0119 i bezpiecze\u0144stwo.\" \/>\n<meta property=\"og:url\" content=\"https:\/\/toshiba-cloud-print.eu\/pl\/wiedza\/optymalizacja-kosztow-it\/\" \/>\n<meta property=\"og:site_name\" content=\"Toshiba Tec Europe. All rights reserved\" \/>\n<meta property=\"article:modified_time\" content=\"2026-05-08T13:46:03+00:00\" \/>\n<meta property=\"og:image\" content=\"https:\/\/toshiba-cloud-print.eu\/wp-content\/uploads\/2024\/08\/share-img-toshiba-1.png\" \/>\n\t<meta property=\"og:image:width\" content=\"1200\" \/>\n\t<meta property=\"og:image:height\" content=\"628\" \/>\n\t<meta property=\"og:image:type\" content=\"image\/png\" \/>\n<meta name=\"twitter:card\" content=\"summary_large_image\" \/>\n<meta name=\"twitter:label1\" content=\"Szacowany czas czytania\" \/>\n\t<meta name=\"twitter:data1\" content=\"4 minuty\" \/>\n<script type=\"application\/ld+json\" class=\"yoast-schema-graph\">{\"@context\":\"https:\/\/schema.org\",\"@graph\":[{\"@type\":\"WebPage\",\"@id\":\"https:\/\/toshiba-cloud-print.eu\/pl\/wiedza\/optymalizacja-kosztow-it\/\",\"url\":\"https:\/\/toshiba-cloud-print.eu\/pl\/wiedza\/optymalizacja-kosztow-it\/\",\"name\":\"Optymalizacja koszt\u00f3w it\",\"isPartOf\":{\"@id\":\"https:\/\/toshiba-cloud-print.eu\/#website\"},\"datePublished\":\"2024-08-29T13:12:21+00:00\",\"dateModified\":\"2026-05-08T13:46:03+00:00\",\"description\":\"Skutecznie redukuj koszty IT, optymalizuj\u0105c infrastruktur\u0119 i wdra\u017caj\u0105c rozwi\u0105zania chmurowe. Dowiedz si\u0119, jak ograniczy\u0107 ukryte wydatki na robocizn\u0119, energi\u0119 i bezpiecze\u0144stwo.\",\"breadcrumb\":{\"@id\":\"https:\/\/toshiba-cloud-print.eu\/pl\/wiedza\/optymalizacja-kosztow-it\/#breadcrumb\"},\"inLanguage\":\"pl-PL\",\"potentialAction\":[{\"@type\":\"ReadAction\",\"target\":[\"https:\/\/toshiba-cloud-print.eu\/pl\/wiedza\/optymalizacja-kosztow-it\/\"]}]},{\"@type\":\"BreadcrumbList\",\"@id\":\"https:\/\/toshiba-cloud-print.eu\/pl\/wiedza\/optymalizacja-kosztow-it\/#breadcrumb\",\"itemListElement\":[{\"@type\":\"ListItem\",\"position\":1,\"name\":\"Home\",\"item\":\"https:\/\/toshiba-cloud-print.eu\/pl\/\"},{\"@type\":\"ListItem\",\"position\":2,\"name\":\"Do\u015bwiadczenie w druku\",\"item\":\"https:\/\/toshiba-cloud-print.eu\/pl\/wiedza\/\"},{\"@type\":\"ListItem\",\"position\":3,\"name\":\"Optymalizacja koszt\u00f3w it\"}]},{\"@type\":\"WebSite\",\"@id\":\"https:\/\/toshiba-cloud-print.eu\/#website\",\"url\":\"https:\/\/toshiba-cloud-print.eu\/\",\"name\":\"Toshiba Tec Europe. All rights reserved\",\"description\":\"Cloud Printing Solutions for Your Business\",\"publisher\":{\"@id\":\"https:\/\/toshiba-cloud-print.eu\/#organization\"},\"potentialAction\":[{\"@type\":\"SearchAction\",\"target\":{\"@type\":\"EntryPoint\",\"urlTemplate\":\"https:\/\/toshiba-cloud-print.eu\/?s={search_term_string}\"},\"query-input\":{\"@type\":\"PropertyValueSpecification\",\"valueRequired\":true,\"valueName\":\"search_term_string\"}}],\"inLanguage\":\"pl-PL\"},{\"@type\":\"Organization\",\"@id\":\"https:\/\/toshiba-cloud-print.eu\/#organization\",\"name\":\"Toshiba Tec Europe. All rights reserved\",\"url\":\"https:\/\/toshiba-cloud-print.eu\/\",\"logo\":{\"@type\":\"ImageObject\",\"inLanguage\":\"pl-PL\",\"@id\":\"https:\/\/toshiba-cloud-print.eu\/#\/schema\/logo\/image\/\",\"url\":\"https:\/\/toshiba-cloud-print.eu\/wp-content\/uploads\/2024\/08\/share-img-toshiba-1.png\",\"contentUrl\":\"https:\/\/toshiba-cloud-print.eu\/wp-content\/uploads\/2024\/08\/share-img-toshiba-1.png\",\"width\":1200,\"height\":628,\"caption\":\"Toshiba Tec Europe. All rights reserved\"},\"image\":{\"@id\":\"https:\/\/toshiba-cloud-print.eu\/#\/schema\/logo\/image\/\"}}]}<\/script>\n<!-- \/ Yoast SEO plugin. -->","yoast_head_json":{"title":"Optymalizacja koszt\u00f3w it","description":"Skutecznie redukuj koszty IT, optymalizuj\u0105c infrastruktur\u0119 i wdra\u017caj\u0105c rozwi\u0105zania chmurowe. Dowiedz si\u0119, jak ograniczy\u0107 ukryte wydatki na robocizn\u0119, energi\u0119 i bezpiecze\u0144stwo.","robots":{"index":"index","follow":"follow","max-snippet":"max-snippet:-1","max-image-preview":"max-image-preview:large","max-video-preview":"max-video-preview:-1"},"canonical":"https:\/\/toshiba-cloud-print.eu\/pl\/wiedza\/optymalizacja-kosztow-it\/","og_locale":"pl_PL","og_type":"article","og_title":"Optymalizacja koszt\u00f3w it","og_description":"Skutecznie redukuj koszty IT, optymalizuj\u0105c infrastruktur\u0119 i wdra\u017caj\u0105c rozwi\u0105zania chmurowe. Dowiedz si\u0119, jak ograniczy\u0107 ukryte wydatki na robocizn\u0119, energi\u0119 i bezpiecze\u0144stwo.","og_url":"https:\/\/toshiba-cloud-print.eu\/pl\/wiedza\/optymalizacja-kosztow-it\/","og_site_name":"Toshiba Tec Europe. All rights reserved","article_modified_time":"2026-05-08T13:46:03+00:00","og_image":[{"width":1200,"height":628,"url":"https:\/\/toshiba-cloud-print.eu\/wp-content\/uploads\/2024\/08\/share-img-toshiba-1.png","type":"image\/png"}],"twitter_card":"summary_large_image","twitter_misc":{"Szacowany czas czytania":"4 minuty"},"schema":{"@context":"https:\/\/schema.org","@graph":[{"@type":"WebPage","@id":"https:\/\/toshiba-cloud-print.eu\/pl\/wiedza\/optymalizacja-kosztow-it\/","url":"https:\/\/toshiba-cloud-print.eu\/pl\/wiedza\/optymalizacja-kosztow-it\/","name":"Optymalizacja koszt\u00f3w it","isPartOf":{"@id":"https:\/\/toshiba-cloud-print.eu\/#website"},"datePublished":"2024-08-29T13:12:21+00:00","dateModified":"2026-05-08T13:46:03+00:00","description":"Skutecznie redukuj koszty IT, optymalizuj\u0105c infrastruktur\u0119 i wdra\u017caj\u0105c rozwi\u0105zania chmurowe. Dowiedz si\u0119, jak ograniczy\u0107 ukryte wydatki na robocizn\u0119, energi\u0119 i bezpiecze\u0144stwo.","breadcrumb":{"@id":"https:\/\/toshiba-cloud-print.eu\/pl\/wiedza\/optymalizacja-kosztow-it\/#breadcrumb"},"inLanguage":"pl-PL","potentialAction":[{"@type":"ReadAction","target":["https:\/\/toshiba-cloud-print.eu\/pl\/wiedza\/optymalizacja-kosztow-it\/"]}]},{"@type":"BreadcrumbList","@id":"https:\/\/toshiba-cloud-print.eu\/pl\/wiedza\/optymalizacja-kosztow-it\/#breadcrumb","itemListElement":[{"@type":"ListItem","position":1,"name":"Home","item":"https:\/\/toshiba-cloud-print.eu\/pl\/"},{"@type":"ListItem","position":2,"name":"Do\u015bwiadczenie w druku","item":"https:\/\/toshiba-cloud-print.eu\/pl\/wiedza\/"},{"@type":"ListItem","position":3,"name":"Optymalizacja koszt\u00f3w it"}]},{"@type":"WebSite","@id":"https:\/\/toshiba-cloud-print.eu\/#website","url":"https:\/\/toshiba-cloud-print.eu\/","name":"Toshiba Tec Europe. All rights reserved","description":"Cloud Printing Solutions for Your Business","publisher":{"@id":"https:\/\/toshiba-cloud-print.eu\/#organization"},"potentialAction":[{"@type":"SearchAction","target":{"@type":"EntryPoint","urlTemplate":"https:\/\/toshiba-cloud-print.eu\/?s={search_term_string}"},"query-input":{"@type":"PropertyValueSpecification","valueRequired":true,"valueName":"search_term_string"}}],"inLanguage":"pl-PL"},{"@type":"Organization","@id":"https:\/\/toshiba-cloud-print.eu\/#organization","name":"Toshiba Tec Europe. All rights reserved","url":"https:\/\/toshiba-cloud-print.eu\/","logo":{"@type":"ImageObject","inLanguage":"pl-PL","@id":"https:\/\/toshiba-cloud-print.eu\/#\/schema\/logo\/image\/","url":"https:\/\/toshiba-cloud-print.eu\/wp-content\/uploads\/2024\/08\/share-img-toshiba-1.png","contentUrl":"https:\/\/toshiba-cloud-print.eu\/wp-content\/uploads\/2024\/08\/share-img-toshiba-1.png","width":1200,"height":628,"caption":"Toshiba Tec Europe. All rights reserved"},"image":{"@id":"https:\/\/toshiba-cloud-print.eu\/#\/schema\/logo\/image\/"}}]}},"_links":{"self":[{"href":"https:\/\/toshiba-cloud-print.eu\/pl\/wp-json\/wp\/v2\/pages\/4770","targetHints":{"allow":["GET"]}}],"collection":[{"href":"https:\/\/toshiba-cloud-print.eu\/pl\/wp-json\/wp\/v2\/pages"}],"about":[{"href":"https:\/\/toshiba-cloud-print.eu\/pl\/wp-json\/wp\/v2\/types\/page"}],"author":[{"embeddable":true,"href":"https:\/\/toshiba-cloud-print.eu\/pl\/wp-json\/wp\/v2\/users\/1"}],"replies":[{"embeddable":true,"href":"https:\/\/toshiba-cloud-print.eu\/pl\/wp-json\/wp\/v2\/comments?post=4770"}],"version-history":[{"count":7,"href":"https:\/\/toshiba-cloud-print.eu\/pl\/wp-json\/wp\/v2\/pages\/4770\/revisions"}],"predecessor-version":[{"id":4956,"href":"https:\/\/toshiba-cloud-print.eu\/pl\/wp-json\/wp\/v2\/pages\/4770\/revisions\/4956"}],"up":[{"embeddable":true,"href":"https:\/\/toshiba-cloud-print.eu\/pl\/wp-json\/wp\/v2\/pages\/4769"}],"wp:attachment":[{"href":"https:\/\/toshiba-cloud-print.eu\/pl\/wp-json\/wp\/v2\/media?parent=4770"}],"curies":[{"name":"wp","href":"https:\/\/api.w.org\/{rel}","templated":true}]}}