{"id":3339,"date":"2024-08-29T09:52:45","date_gmt":"2024-08-29T07:52:45","guid":{"rendered":"https:\/\/toshiba-cloud-print.eu\/solutions\/remote-printing\/mobile-printing\/"},"modified":"2025-06-23T17:07:58","modified_gmt":"2025-06-23T15:07:58","slug":"imprimer-depuis-son-telephone","status":"publish","type":"page","link":"https:\/\/toshiba-cloud-print.eu\/fr\/solutions\/imprimer-a-distance\/imprimer-depuis-son-telephone\/","title":{"rendered":"Impression mobile"},"content":{"rendered":"","protected":false},"excerpt":{"rendered":"","protected":false},"author":1,"featured_media":0,"parent":3334,"menu_order":6,"comment_status":"closed","ping_status":"closed","template":"","meta":{"_acf_changed":false,"footnotes":""},"class_list":["post-3339","page","type-page","status-publish","hentry"],"acf":[],"yoast_head":"<!-- This site is optimized with the Yoast SEO plugin v25.2 - https:\/\/yoast.com\/wordpress\/plugins\/seo\/ -->\n<title>Impression mobile<\/title>\n<meta name=\"description\" content=\"&quot;D\u00e9couvrez les solutions d&#039;impression mobile qui am\u00e9liorent la productivit\u00e9 et la flexibilit\u00e9 de votre personnel. Apprenez \u00e0 imprimer en toute s\u00e9curit\u00e9 \u00e0 partir de vos appareils mobiles.\" \/>\n<meta name=\"robots\" content=\"index, follow, max-snippet:-1, max-image-preview:large, max-video-preview:-1\" \/>\n<link rel=\"canonical\" href=\"https:\/\/toshiba-cloud-print.eu\/solutions\/remote-printing\/mobile-printing\/\" \/>\n<meta property=\"og:locale\" content=\"fr_FR\" \/>\n<meta property=\"og:type\" content=\"article\" \/>\n<meta property=\"og:title\" content=\"Impression mobile\" \/>\n<meta property=\"og:description\" content=\"&quot;D\u00e9couvrez les solutions d&#039;impression mobile qui am\u00e9liorent la productivit\u00e9 et la flexibilit\u00e9 de votre personnel. Apprenez \u00e0 imprimer en toute s\u00e9curit\u00e9 \u00e0 partir de vos appareils mobiles.\" \/>\n<meta property=\"og:url\" content=\"https:\/\/toshiba-cloud-print.eu\/solutions\/remote-printing\/mobile-printing\/\" \/>\n<meta property=\"og:site_name\" content=\"Toshiba Tec Europe. All rights reserved\" \/>\n<meta property=\"article:modified_time\" content=\"2025-06-23T15:07:58+00:00\" \/>\n<meta property=\"og:image\" content=\"https:\/\/toshiba-cloud-print.eu\/wp-content\/uploads\/2024\/08\/share-img-toshiba-1.png\" \/>\n\t<meta property=\"og:image:width\" content=\"1200\" \/>\n\t<meta property=\"og:image:height\" content=\"628\" \/>\n\t<meta property=\"og:image:type\" content=\"image\/png\" \/>\n<meta name=\"twitter:card\" content=\"summary_large_image\" \/>\n<meta name=\"twitter:label1\" content=\"Dur\u00e9e de lecture estim\u00e9e\" \/>\n\t<meta name=\"twitter:data1\" content=\"3 minutes\" \/>\n<script type=\"application\/ld+json\" class=\"yoast-schema-graph\">{\"@context\":\"https:\/\/schema.org\",\"@graph\":[{\"@type\":\"WebPage\",\"@id\":\"https:\/\/toshiba-cloud-print.eu\/solutions\/remote-printing\/mobile-printing\/\",\"url\":\"https:\/\/toshiba-cloud-print.eu\/solutions\/remote-printing\/mobile-printing\/\",\"name\":\"Impression mobile\",\"isPartOf\":{\"@id\":\"https:\/\/toshiba-cloud-print.eu\/#website\"},\"datePublished\":\"2024-08-29T07:52:45+00:00\",\"dateModified\":\"2025-06-23T15:07:58+00:00\",\"description\":\"\\\"D\u00e9couvrez les solutions d'impression mobile qui am\u00e9liorent la productivit\u00e9 et la flexibilit\u00e9 de votre personnel. Apprenez \u00e0 imprimer en toute s\u00e9curit\u00e9 \u00e0 partir de vos appareils mobiles.\",\"breadcrumb\":{\"@id\":\"https:\/\/toshiba-cloud-print.eu\/solutions\/remote-printing\/mobile-printing\/#breadcrumb\"},\"inLanguage\":\"fr-FR\",\"potentialAction\":[{\"@type\":\"ReadAction\",\"target\":[\"https:\/\/toshiba-cloud-print.eu\/solutions\/remote-printing\/mobile-printing\/\"]}]},{\"@type\":\"BreadcrumbList\",\"@id\":\"https:\/\/toshiba-cloud-print.eu\/solutions\/remote-printing\/mobile-printing\/#breadcrumb\",\"itemListElement\":[{\"@type\":\"ListItem\",\"position\":1,\"name\":\"Home\",\"item\":\"https:\/\/toshiba-cloud-print.eu\/fr\/\"},{\"@type\":\"ListItem\",\"position\":2,\"name\":\"Solutions\",\"item\":\"https:\/\/toshiba-cloud-print.eu\/fr\/solutions\/\"},{\"@type\":\"ListItem\",\"position\":3,\"name\":\"Impression \u00e0 distance\",\"item\":\"https:\/\/toshiba-cloud-print.eu\/solutions\/remote-printing\/\"},{\"@type\":\"ListItem\",\"position\":4,\"name\":\"Impression mobile\"}]},{\"@type\":\"WebSite\",\"@id\":\"https:\/\/toshiba-cloud-print.eu\/#website\",\"url\":\"https:\/\/toshiba-cloud-print.eu\/\",\"name\":\"Toshiba Tec Europe. All rights reserved\",\"description\":\"Cloud Printing Solutions for Your Business\",\"publisher\":{\"@id\":\"https:\/\/toshiba-cloud-print.eu\/#organization\"},\"potentialAction\":[{\"@type\":\"SearchAction\",\"target\":{\"@type\":\"EntryPoint\",\"urlTemplate\":\"https:\/\/toshiba-cloud-print.eu\/?s={search_term_string}\"},\"query-input\":{\"@type\":\"PropertyValueSpecification\",\"valueRequired\":true,\"valueName\":\"search_term_string\"}}],\"inLanguage\":\"fr-FR\"},{\"@type\":\"Organization\",\"@id\":\"https:\/\/toshiba-cloud-print.eu\/#organization\",\"name\":\"Toshiba Tec Europe. All rights reserved\",\"url\":\"https:\/\/toshiba-cloud-print.eu\/\",\"logo\":{\"@type\":\"ImageObject\",\"inLanguage\":\"fr-FR\",\"@id\":\"https:\/\/toshiba-cloud-print.eu\/#\/schema\/logo\/image\/\",\"url\":\"https:\/\/toshiba-cloud-print.eu\/wp-content\/uploads\/2024\/08\/share-img-toshiba-1.png\",\"contentUrl\":\"https:\/\/toshiba-cloud-print.eu\/wp-content\/uploads\/2024\/08\/share-img-toshiba-1.png\",\"width\":1200,\"height\":628,\"caption\":\"Toshiba Tec Europe. All rights reserved\"},\"image\":{\"@id\":\"https:\/\/toshiba-cloud-print.eu\/#\/schema\/logo\/image\/\"}}]}<\/script>\n<!-- \/ Yoast SEO plugin. -->","yoast_head_json":{"title":"Impression mobile","description":"\"D\u00e9couvrez les solutions d'impression mobile qui am\u00e9liorent la productivit\u00e9 et la flexibilit\u00e9 de votre personnel. Apprenez \u00e0 imprimer en toute s\u00e9curit\u00e9 \u00e0 partir de vos appareils mobiles.","robots":{"index":"index","follow":"follow","max-snippet":"max-snippet:-1","max-image-preview":"max-image-preview:large","max-video-preview":"max-video-preview:-1"},"canonical":"https:\/\/toshiba-cloud-print.eu\/solutions\/remote-printing\/mobile-printing\/","og_locale":"fr_FR","og_type":"article","og_title":"Impression mobile","og_description":"\"D\u00e9couvrez les solutions d'impression mobile qui am\u00e9liorent la productivit\u00e9 et la flexibilit\u00e9 de votre personnel. Apprenez \u00e0 imprimer en toute s\u00e9curit\u00e9 \u00e0 partir de vos appareils mobiles.","og_url":"https:\/\/toshiba-cloud-print.eu\/solutions\/remote-printing\/mobile-printing\/","og_site_name":"Toshiba Tec Europe. All rights reserved","article_modified_time":"2025-06-23T15:07:58+00:00","og_image":[{"width":1200,"height":628,"url":"https:\/\/toshiba-cloud-print.eu\/wp-content\/uploads\/2024\/08\/share-img-toshiba-1.png","type":"image\/png"}],"twitter_card":"summary_large_image","twitter_misc":{"Dur\u00e9e de lecture estim\u00e9e":"3 minutes"},"schema":{"@context":"https:\/\/schema.org","@graph":[{"@type":"WebPage","@id":"https:\/\/toshiba-cloud-print.eu\/solutions\/remote-printing\/mobile-printing\/","url":"https:\/\/toshiba-cloud-print.eu\/solutions\/remote-printing\/mobile-printing\/","name":"Impression mobile","isPartOf":{"@id":"https:\/\/toshiba-cloud-print.eu\/#website"},"datePublished":"2024-08-29T07:52:45+00:00","dateModified":"2025-06-23T15:07:58+00:00","description":"\"D\u00e9couvrez les solutions d'impression mobile qui am\u00e9liorent la productivit\u00e9 et la flexibilit\u00e9 de votre personnel. Apprenez \u00e0 imprimer en toute s\u00e9curit\u00e9 \u00e0 partir de vos appareils mobiles.","breadcrumb":{"@id":"https:\/\/toshiba-cloud-print.eu\/solutions\/remote-printing\/mobile-printing\/#breadcrumb"},"inLanguage":"fr-FR","potentialAction":[{"@type":"ReadAction","target":["https:\/\/toshiba-cloud-print.eu\/solutions\/remote-printing\/mobile-printing\/"]}]},{"@type":"BreadcrumbList","@id":"https:\/\/toshiba-cloud-print.eu\/solutions\/remote-printing\/mobile-printing\/#breadcrumb","itemListElement":[{"@type":"ListItem","position":1,"name":"Home","item":"https:\/\/toshiba-cloud-print.eu\/fr\/"},{"@type":"ListItem","position":2,"name":"Solutions","item":"https:\/\/toshiba-cloud-print.eu\/fr\/solutions\/"},{"@type":"ListItem","position":3,"name":"Impression \u00e0 distance","item":"https:\/\/toshiba-cloud-print.eu\/solutions\/remote-printing\/"},{"@type":"ListItem","position":4,"name":"Impression mobile"}]},{"@type":"WebSite","@id":"https:\/\/toshiba-cloud-print.eu\/#website","url":"https:\/\/toshiba-cloud-print.eu\/","name":"Toshiba Tec Europe. All rights reserved","description":"Cloud Printing Solutions for Your Business","publisher":{"@id":"https:\/\/toshiba-cloud-print.eu\/#organization"},"potentialAction":[{"@type":"SearchAction","target":{"@type":"EntryPoint","urlTemplate":"https:\/\/toshiba-cloud-print.eu\/?s={search_term_string}"},"query-input":{"@type":"PropertyValueSpecification","valueRequired":true,"valueName":"search_term_string"}}],"inLanguage":"fr-FR"},{"@type":"Organization","@id":"https:\/\/toshiba-cloud-print.eu\/#organization","name":"Toshiba Tec Europe. All rights reserved","url":"https:\/\/toshiba-cloud-print.eu\/","logo":{"@type":"ImageObject","inLanguage":"fr-FR","@id":"https:\/\/toshiba-cloud-print.eu\/#\/schema\/logo\/image\/","url":"https:\/\/toshiba-cloud-print.eu\/wp-content\/uploads\/2024\/08\/share-img-toshiba-1.png","contentUrl":"https:\/\/toshiba-cloud-print.eu\/wp-content\/uploads\/2024\/08\/share-img-toshiba-1.png","width":1200,"height":628,"caption":"Toshiba Tec Europe. All rights reserved"},"image":{"@id":"https:\/\/toshiba-cloud-print.eu\/#\/schema\/logo\/image\/"}}]}},"_links":{"self":[{"href":"https:\/\/toshiba-cloud-print.eu\/fr\/wp-json\/wp\/v2\/pages\/3339","targetHints":{"allow":["GET"]}}],"collection":[{"href":"https:\/\/toshiba-cloud-print.eu\/fr\/wp-json\/wp\/v2\/pages"}],"about":[{"href":"https:\/\/toshiba-cloud-print.eu\/fr\/wp-json\/wp\/v2\/types\/page"}],"author":[{"embeddable":true,"href":"https:\/\/toshiba-cloud-print.eu\/fr\/wp-json\/wp\/v2\/users\/1"}],"replies":[{"embeddable":true,"href":"https:\/\/toshiba-cloud-print.eu\/fr\/wp-json\/wp\/v2\/comments?post=3339"}],"version-history":[{"count":5,"href":"https:\/\/toshiba-cloud-print.eu\/fr\/wp-json\/wp\/v2\/pages\/3339\/revisions"}],"predecessor-version":[{"id":3791,"href":"https:\/\/toshiba-cloud-print.eu\/fr\/wp-json\/wp\/v2\/pages\/3339\/revisions\/3791"}],"up":[{"embeddable":true,"href":"https:\/\/toshiba-cloud-print.eu\/fr\/wp-json\/wp\/v2\/pages\/3334"}],"wp:attachment":[{"href":"https:\/\/toshiba-cloud-print.eu\/fr\/wp-json\/wp\/v2\/media?parent=3339"}],"curies":[{"name":"wp","href":"https:\/\/api.w.org\/{rel}","templated":true}]}}