{"id":3325,"date":"2024-08-29T14:06:09","date_gmt":"2024-08-29T12:06:09","guid":{"rendered":"https:\/\/toshiba-cloud-print.eu\/solutions\/print-management\/"},"modified":"2025-06-23T17:07:45","modified_gmt":"2025-06-23T15:07:45","slug":"gestion-impression","status":"publish","type":"page","link":"https:\/\/toshiba-cloud-print.eu\/fr\/solutions\/gestion-impression\/","title":{"rendered":"Gestion de l\u2019impression"},"content":{"rendered":"","protected":false},"excerpt":{"rendered":"","protected":false},"author":1,"featured_media":0,"parent":3320,"menu_order":2,"comment_status":"closed","ping_status":"closed","template":"","meta":{"_acf_changed":false,"footnotes":""},"class_list":["post-3325","page","type-page","status-publish","hentry"],"acf":[],"yoast_head":"<!-- This site is optimized with the Yoast SEO plugin v25.2 - https:\/\/yoast.com\/wordpress\/plugins\/seo\/ -->\n<title>Gestion de l\u2019impression<\/title>\n<meta name=\"description\" content=\"Explorez les solutions de gestion d&#039;impression traditionnelles ou bas\u00e9es sur le cloud pour votre entreprise. D\u00e9couvrez des strat\u00e9gies de r\u00e9duction des co\u00fbts, une flexibilit\u00e9 accrue et un meilleur contr\u00f4le de votre environnement d&#039;impression.\" \/>\n<meta name=\"robots\" content=\"index, follow, max-snippet:-1, max-image-preview:large, max-video-preview:-1\" \/>\n<link rel=\"canonical\" href=\"https:\/\/toshiba-cloud-print.eu\/fr\/solutions\/gestion-impression\/\" \/>\n<meta property=\"og:locale\" content=\"fr_FR\" \/>\n<meta property=\"og:type\" content=\"article\" \/>\n<meta property=\"og:title\" content=\"Gestion de l\u2019impression\" \/>\n<meta property=\"og:description\" content=\"Explorez les solutions de gestion d&#039;impression traditionnelles ou bas\u00e9es sur le cloud pour votre entreprise. D\u00e9couvrez des strat\u00e9gies de r\u00e9duction des co\u00fbts, une flexibilit\u00e9 accrue et un meilleur contr\u00f4le de votre environnement d&#039;impression.\" \/>\n<meta property=\"og:url\" content=\"https:\/\/toshiba-cloud-print.eu\/fr\/solutions\/gestion-impression\/\" \/>\n<meta property=\"og:site_name\" content=\"Toshiba Tec Europe. All rights reserved\" \/>\n<meta property=\"article:modified_time\" content=\"2025-06-23T15:07:45+00:00\" \/>\n<meta property=\"og:image\" content=\"https:\/\/toshiba-cloud-print.eu\/wp-content\/uploads\/2024\/08\/share-img-toshiba-1.png\" \/>\n\t<meta property=\"og:image:width\" content=\"1200\" \/>\n\t<meta property=\"og:image:height\" content=\"628\" \/>\n\t<meta property=\"og:image:type\" content=\"image\/png\" \/>\n<meta name=\"twitter:card\" content=\"summary_large_image\" \/>\n<meta name=\"twitter:label1\" content=\"Dur\u00e9e de lecture estim\u00e9e\" \/>\n\t<meta name=\"twitter:data1\" content=\"4 minutes\" \/>\n<script type=\"application\/ld+json\" class=\"yoast-schema-graph\">{\"@context\":\"https:\/\/schema.org\",\"@graph\":[{\"@type\":\"WebPage\",\"@id\":\"https:\/\/toshiba-cloud-print.eu\/fr\/solutions\/gestion-impression\/\",\"url\":\"https:\/\/toshiba-cloud-print.eu\/fr\/solutions\/gestion-impression\/\",\"name\":\"Gestion de l\u2019impression\",\"isPartOf\":{\"@id\":\"https:\/\/toshiba-cloud-print.eu\/#website\"},\"datePublished\":\"2024-08-29T12:06:09+00:00\",\"dateModified\":\"2025-06-23T15:07:45+00:00\",\"description\":\"Explorez les solutions de gestion d'impression traditionnelles ou bas\u00e9es sur le cloud pour votre entreprise. D\u00e9couvrez des strat\u00e9gies de r\u00e9duction des co\u00fbts, une flexibilit\u00e9 accrue et un meilleur contr\u00f4le de votre environnement d'impression.\",\"breadcrumb\":{\"@id\":\"https:\/\/toshiba-cloud-print.eu\/fr\/solutions\/gestion-impression\/#breadcrumb\"},\"inLanguage\":\"fr-FR\",\"potentialAction\":[{\"@type\":\"ReadAction\",\"target\":[\"https:\/\/toshiba-cloud-print.eu\/fr\/solutions\/gestion-impression\/\"]}]},{\"@type\":\"BreadcrumbList\",\"@id\":\"https:\/\/toshiba-cloud-print.eu\/fr\/solutions\/gestion-impression\/#breadcrumb\",\"itemListElement\":[{\"@type\":\"ListItem\",\"position\":1,\"name\":\"Home\",\"item\":\"https:\/\/toshiba-cloud-print.eu\/fr\/\"},{\"@type\":\"ListItem\",\"position\":2,\"name\":\"Solutions\",\"item\":\"https:\/\/toshiba-cloud-print.eu\/fr\/solutions\/\"},{\"@type\":\"ListItem\",\"position\":3,\"name\":\"Gestion de l\u2019impression\"}]},{\"@type\":\"WebSite\",\"@id\":\"https:\/\/toshiba-cloud-print.eu\/#website\",\"url\":\"https:\/\/toshiba-cloud-print.eu\/\",\"name\":\"Toshiba Tec Europe. All rights reserved\",\"description\":\"Cloud Printing Solutions for Your Business\",\"publisher\":{\"@id\":\"https:\/\/toshiba-cloud-print.eu\/#organization\"},\"potentialAction\":[{\"@type\":\"SearchAction\",\"target\":{\"@type\":\"EntryPoint\",\"urlTemplate\":\"https:\/\/toshiba-cloud-print.eu\/?s={search_term_string}\"},\"query-input\":{\"@type\":\"PropertyValueSpecification\",\"valueRequired\":true,\"valueName\":\"search_term_string\"}}],\"inLanguage\":\"fr-FR\"},{\"@type\":\"Organization\",\"@id\":\"https:\/\/toshiba-cloud-print.eu\/#organization\",\"name\":\"Toshiba Tec Europe. All rights reserved\",\"url\":\"https:\/\/toshiba-cloud-print.eu\/\",\"logo\":{\"@type\":\"ImageObject\",\"inLanguage\":\"fr-FR\",\"@id\":\"https:\/\/toshiba-cloud-print.eu\/#\/schema\/logo\/image\/\",\"url\":\"https:\/\/toshiba-cloud-print.eu\/wp-content\/uploads\/2024\/08\/share-img-toshiba-1.png\",\"contentUrl\":\"https:\/\/toshiba-cloud-print.eu\/wp-content\/uploads\/2024\/08\/share-img-toshiba-1.png\",\"width\":1200,\"height\":628,\"caption\":\"Toshiba Tec Europe. All rights reserved\"},\"image\":{\"@id\":\"https:\/\/toshiba-cloud-print.eu\/#\/schema\/logo\/image\/\"}}]}<\/script>\n<!-- \/ Yoast SEO plugin. -->","yoast_head_json":{"title":"Gestion de l\u2019impression","description":"Explorez les solutions de gestion d'impression traditionnelles ou bas\u00e9es sur le cloud pour votre entreprise. D\u00e9couvrez des strat\u00e9gies de r\u00e9duction des co\u00fbts, une flexibilit\u00e9 accrue et un meilleur contr\u00f4le de votre environnement d'impression.","robots":{"index":"index","follow":"follow","max-snippet":"max-snippet:-1","max-image-preview":"max-image-preview:large","max-video-preview":"max-video-preview:-1"},"canonical":"https:\/\/toshiba-cloud-print.eu\/fr\/solutions\/gestion-impression\/","og_locale":"fr_FR","og_type":"article","og_title":"Gestion de l\u2019impression","og_description":"Explorez les solutions de gestion d'impression traditionnelles ou bas\u00e9es sur le cloud pour votre entreprise. D\u00e9couvrez des strat\u00e9gies de r\u00e9duction des co\u00fbts, une flexibilit\u00e9 accrue et un meilleur contr\u00f4le de votre environnement d'impression.","og_url":"https:\/\/toshiba-cloud-print.eu\/fr\/solutions\/gestion-impression\/","og_site_name":"Toshiba Tec Europe. All rights reserved","article_modified_time":"2025-06-23T15:07:45+00:00","og_image":[{"width":1200,"height":628,"url":"https:\/\/toshiba-cloud-print.eu\/wp-content\/uploads\/2024\/08\/share-img-toshiba-1.png","type":"image\/png"}],"twitter_card":"summary_large_image","twitter_misc":{"Dur\u00e9e de lecture estim\u00e9e":"4 minutes"},"schema":{"@context":"https:\/\/schema.org","@graph":[{"@type":"WebPage","@id":"https:\/\/toshiba-cloud-print.eu\/fr\/solutions\/gestion-impression\/","url":"https:\/\/toshiba-cloud-print.eu\/fr\/solutions\/gestion-impression\/","name":"Gestion de l\u2019impression","isPartOf":{"@id":"https:\/\/toshiba-cloud-print.eu\/#website"},"datePublished":"2024-08-29T12:06:09+00:00","dateModified":"2025-06-23T15:07:45+00:00","description":"Explorez les solutions de gestion d'impression traditionnelles ou bas\u00e9es sur le cloud pour votre entreprise. D\u00e9couvrez des strat\u00e9gies de r\u00e9duction des co\u00fbts, une flexibilit\u00e9 accrue et un meilleur contr\u00f4le de votre environnement d'impression.","breadcrumb":{"@id":"https:\/\/toshiba-cloud-print.eu\/fr\/solutions\/gestion-impression\/#breadcrumb"},"inLanguage":"fr-FR","potentialAction":[{"@type":"ReadAction","target":["https:\/\/toshiba-cloud-print.eu\/fr\/solutions\/gestion-impression\/"]}]},{"@type":"BreadcrumbList","@id":"https:\/\/toshiba-cloud-print.eu\/fr\/solutions\/gestion-impression\/#breadcrumb","itemListElement":[{"@type":"ListItem","position":1,"name":"Home","item":"https:\/\/toshiba-cloud-print.eu\/fr\/"},{"@type":"ListItem","position":2,"name":"Solutions","item":"https:\/\/toshiba-cloud-print.eu\/fr\/solutions\/"},{"@type":"ListItem","position":3,"name":"Gestion de l\u2019impression"}]},{"@type":"WebSite","@id":"https:\/\/toshiba-cloud-print.eu\/#website","url":"https:\/\/toshiba-cloud-print.eu\/","name":"Toshiba Tec Europe. All rights reserved","description":"Cloud Printing Solutions for Your Business","publisher":{"@id":"https:\/\/toshiba-cloud-print.eu\/#organization"},"potentialAction":[{"@type":"SearchAction","target":{"@type":"EntryPoint","urlTemplate":"https:\/\/toshiba-cloud-print.eu\/?s={search_term_string}"},"query-input":{"@type":"PropertyValueSpecification","valueRequired":true,"valueName":"search_term_string"}}],"inLanguage":"fr-FR"},{"@type":"Organization","@id":"https:\/\/toshiba-cloud-print.eu\/#organization","name":"Toshiba Tec Europe. All rights reserved","url":"https:\/\/toshiba-cloud-print.eu\/","logo":{"@type":"ImageObject","inLanguage":"fr-FR","@id":"https:\/\/toshiba-cloud-print.eu\/#\/schema\/logo\/image\/","url":"https:\/\/toshiba-cloud-print.eu\/wp-content\/uploads\/2024\/08\/share-img-toshiba-1.png","contentUrl":"https:\/\/toshiba-cloud-print.eu\/wp-content\/uploads\/2024\/08\/share-img-toshiba-1.png","width":1200,"height":628,"caption":"Toshiba Tec Europe. All rights reserved"},"image":{"@id":"https:\/\/toshiba-cloud-print.eu\/#\/schema\/logo\/image\/"}}]}},"_links":{"self":[{"href":"https:\/\/toshiba-cloud-print.eu\/fr\/wp-json\/wp\/v2\/pages\/3325","targetHints":{"allow":["GET"]}}],"collection":[{"href":"https:\/\/toshiba-cloud-print.eu\/fr\/wp-json\/wp\/v2\/pages"}],"about":[{"href":"https:\/\/toshiba-cloud-print.eu\/fr\/wp-json\/wp\/v2\/types\/page"}],"author":[{"embeddable":true,"href":"https:\/\/toshiba-cloud-print.eu\/fr\/wp-json\/wp\/v2\/users\/1"}],"replies":[{"embeddable":true,"href":"https:\/\/toshiba-cloud-print.eu\/fr\/wp-json\/wp\/v2\/comments?post=3325"}],"version-history":[{"count":4,"href":"https:\/\/toshiba-cloud-print.eu\/fr\/wp-json\/wp\/v2\/pages\/3325\/revisions"}],"predecessor-version":[{"id":3773,"href":"https:\/\/toshiba-cloud-print.eu\/fr\/wp-json\/wp\/v2\/pages\/3325\/revisions\/3773"}],"up":[{"embeddable":true,"href":"https:\/\/toshiba-cloud-print.eu\/fr\/wp-json\/wp\/v2\/pages\/3320"}],"wp:attachment":[{"href":"https:\/\/toshiba-cloud-print.eu\/fr\/wp-json\/wp\/v2\/media?parent=3325"}],"curies":[{"name":"wp","href":"https:\/\/api.w.org\/{rel}","templated":true}]}}