{"id":3317,"date":"2024-08-27T14:54:58","date_gmt":"2024-08-27T12:54:58","guid":{"rendered":"https:\/\/toshiba-cloud-print.eu\/print-knowledge\/on-premise-vs-cloud\/"},"modified":"2025-06-23T17:07:20","modified_gmt":"2025-06-23T15:07:20","slug":"cloud-ou-on-premise","status":"publish","type":"page","link":"https:\/\/toshiba-cloud-print.eu\/fr\/impression\/cloud-ou-on-premise\/","title":{"rendered":"Solutions cloud ou en local?"},"content":{"rendered":"","protected":false},"excerpt":{"rendered":"","protected":false},"author":1,"featured_media":0,"parent":3305,"menu_order":79,"comment_status":"closed","ping_status":"closed","template":"","meta":{"_acf_changed":false,"footnotes":""},"class_list":["post-3317","page","type-page","status-publish","hentry"],"acf":[],"yoast_head":"<!-- This site is optimized with the Yoast SEO plugin v25.2 - https:\/\/yoast.com\/wordpress\/plugins\/seo\/ -->\n<title>Solutions cloud ou en local?<\/title>\n<meta name=\"description\" content=\"D\u00e9cidez entre les solutions d&#039;impression sur site et celles bas\u00e9es sur le cloud en explorant les avantages et les inconv\u00e9nients de chacune d&#039;entre elles. D\u00e9couvrez comment l&#039;\u00e9volutivit\u00e9, le co\u00fbt, la s\u00e9curit\u00e9 des donn\u00e9es et la flexibilit\u00e9 influencent les besoins de votre entreprise.\" \/>\n<meta name=\"robots\" content=\"index, follow, max-snippet:-1, max-image-preview:large, max-video-preview:-1\" \/>\n<link rel=\"canonical\" href=\"https:\/\/toshiba-cloud-print.eu\/fr\/impression\/cloud-ou-on-premise\/\" \/>\n<meta property=\"og:locale\" content=\"fr_FR\" \/>\n<meta property=\"og:type\" content=\"article\" \/>\n<meta property=\"og:title\" content=\"Solutions cloud ou en local?\" \/>\n<meta property=\"og:description\" content=\"D\u00e9cidez entre les solutions d&#039;impression sur site et celles bas\u00e9es sur le cloud en explorant les avantages et les inconv\u00e9nients de chacune d&#039;entre elles. D\u00e9couvrez comment l&#039;\u00e9volutivit\u00e9, le co\u00fbt, la s\u00e9curit\u00e9 des donn\u00e9es et la flexibilit\u00e9 influencent les besoins de votre entreprise.\" \/>\n<meta property=\"og:url\" content=\"https:\/\/toshiba-cloud-print.eu\/fr\/impression\/cloud-ou-on-premise\/\" \/>\n<meta property=\"og:site_name\" content=\"Toshiba Tec Europe. All rights reserved\" \/>\n<meta property=\"article:modified_time\" content=\"2025-06-23T15:07:20+00:00\" \/>\n<meta property=\"og:image\" content=\"https:\/\/toshiba-cloud-print.eu\/wp-content\/uploads\/2024\/08\/share-img-toshiba-1.png\" \/>\n\t<meta property=\"og:image:width\" content=\"1200\" \/>\n\t<meta property=\"og:image:height\" content=\"628\" \/>\n\t<meta property=\"og:image:type\" content=\"image\/png\" \/>\n<meta name=\"twitter:card\" content=\"summary_large_image\" \/>\n<meta name=\"twitter:label1\" content=\"Dur\u00e9e de lecture estim\u00e9e\" \/>\n\t<meta name=\"twitter:data1\" content=\"4 minutes\" \/>\n<script type=\"application\/ld+json\" class=\"yoast-schema-graph\">{\"@context\":\"https:\/\/schema.org\",\"@graph\":[{\"@type\":\"WebPage\",\"@id\":\"https:\/\/toshiba-cloud-print.eu\/fr\/impression\/cloud-ou-on-premise\/\",\"url\":\"https:\/\/toshiba-cloud-print.eu\/fr\/impression\/cloud-ou-on-premise\/\",\"name\":\"Solutions cloud ou en local?\",\"isPartOf\":{\"@id\":\"https:\/\/toshiba-cloud-print.eu\/#website\"},\"datePublished\":\"2024-08-27T12:54:58+00:00\",\"dateModified\":\"2025-06-23T15:07:20+00:00\",\"description\":\"D\u00e9cidez entre les solutions d'impression sur site et celles bas\u00e9es sur le cloud en explorant les avantages et les inconv\u00e9nients de chacune d'entre elles. D\u00e9couvrez comment l'\u00e9volutivit\u00e9, le co\u00fbt, la s\u00e9curit\u00e9 des donn\u00e9es et la flexibilit\u00e9 influencent les besoins de votre entreprise.\",\"breadcrumb\":{\"@id\":\"https:\/\/toshiba-cloud-print.eu\/fr\/impression\/cloud-ou-on-premise\/#breadcrumb\"},\"inLanguage\":\"fr-FR\",\"potentialAction\":[{\"@type\":\"ReadAction\",\"target\":[\"https:\/\/toshiba-cloud-print.eu\/fr\/impression\/cloud-ou-on-premise\/\"]}]},{\"@type\":\"BreadcrumbList\",\"@id\":\"https:\/\/toshiba-cloud-print.eu\/fr\/impression\/cloud-ou-on-premise\/#breadcrumb\",\"itemListElement\":[{\"@type\":\"ListItem\",\"position\":1,\"name\":\"Home\",\"item\":\"https:\/\/toshiba-cloud-print.eu\/fr\/\"},{\"@type\":\"ListItem\",\"position\":2,\"name\":\"Connaissances de l\u2019impression\",\"item\":\"https:\/\/toshiba-cloud-print.eu\/fr\/impression\/\"},{\"@type\":\"ListItem\",\"position\":3,\"name\":\"Solutions cloud ou en local?\"}]},{\"@type\":\"WebSite\",\"@id\":\"https:\/\/toshiba-cloud-print.eu\/#website\",\"url\":\"https:\/\/toshiba-cloud-print.eu\/\",\"name\":\"Toshiba Tec Europe. All rights reserved\",\"description\":\"Cloud Printing Solutions for Your Business\",\"publisher\":{\"@id\":\"https:\/\/toshiba-cloud-print.eu\/#organization\"},\"potentialAction\":[{\"@type\":\"SearchAction\",\"target\":{\"@type\":\"EntryPoint\",\"urlTemplate\":\"https:\/\/toshiba-cloud-print.eu\/?s={search_term_string}\"},\"query-input\":{\"@type\":\"PropertyValueSpecification\",\"valueRequired\":true,\"valueName\":\"search_term_string\"}}],\"inLanguage\":\"fr-FR\"},{\"@type\":\"Organization\",\"@id\":\"https:\/\/toshiba-cloud-print.eu\/#organization\",\"name\":\"Toshiba Tec Europe. All rights reserved\",\"url\":\"https:\/\/toshiba-cloud-print.eu\/\",\"logo\":{\"@type\":\"ImageObject\",\"inLanguage\":\"fr-FR\",\"@id\":\"https:\/\/toshiba-cloud-print.eu\/#\/schema\/logo\/image\/\",\"url\":\"https:\/\/toshiba-cloud-print.eu\/wp-content\/uploads\/2024\/08\/share-img-toshiba-1.png\",\"contentUrl\":\"https:\/\/toshiba-cloud-print.eu\/wp-content\/uploads\/2024\/08\/share-img-toshiba-1.png\",\"width\":1200,\"height\":628,\"caption\":\"Toshiba Tec Europe. All rights reserved\"},\"image\":{\"@id\":\"https:\/\/toshiba-cloud-print.eu\/#\/schema\/logo\/image\/\"}}]}<\/script>\n<!-- \/ Yoast SEO plugin. -->","yoast_head_json":{"title":"Solutions cloud ou en local?","description":"D\u00e9cidez entre les solutions d'impression sur site et celles bas\u00e9es sur le cloud en explorant les avantages et les inconv\u00e9nients de chacune d'entre elles. D\u00e9couvrez comment l'\u00e9volutivit\u00e9, le co\u00fbt, la s\u00e9curit\u00e9 des donn\u00e9es et la flexibilit\u00e9 influencent les besoins de votre entreprise.","robots":{"index":"index","follow":"follow","max-snippet":"max-snippet:-1","max-image-preview":"max-image-preview:large","max-video-preview":"max-video-preview:-1"},"canonical":"https:\/\/toshiba-cloud-print.eu\/fr\/impression\/cloud-ou-on-premise\/","og_locale":"fr_FR","og_type":"article","og_title":"Solutions cloud ou en local?","og_description":"D\u00e9cidez entre les solutions d'impression sur site et celles bas\u00e9es sur le cloud en explorant les avantages et les inconv\u00e9nients de chacune d'entre elles. D\u00e9couvrez comment l'\u00e9volutivit\u00e9, le co\u00fbt, la s\u00e9curit\u00e9 des donn\u00e9es et la flexibilit\u00e9 influencent les besoins de votre entreprise.","og_url":"https:\/\/toshiba-cloud-print.eu\/fr\/impression\/cloud-ou-on-premise\/","og_site_name":"Toshiba Tec Europe. All rights reserved","article_modified_time":"2025-06-23T15:07:20+00:00","og_image":[{"width":1200,"height":628,"url":"https:\/\/toshiba-cloud-print.eu\/wp-content\/uploads\/2024\/08\/share-img-toshiba-1.png","type":"image\/png"}],"twitter_card":"summary_large_image","twitter_misc":{"Dur\u00e9e de lecture estim\u00e9e":"4 minutes"},"schema":{"@context":"https:\/\/schema.org","@graph":[{"@type":"WebPage","@id":"https:\/\/toshiba-cloud-print.eu\/fr\/impression\/cloud-ou-on-premise\/","url":"https:\/\/toshiba-cloud-print.eu\/fr\/impression\/cloud-ou-on-premise\/","name":"Solutions cloud ou en local?","isPartOf":{"@id":"https:\/\/toshiba-cloud-print.eu\/#website"},"datePublished":"2024-08-27T12:54:58+00:00","dateModified":"2025-06-23T15:07:20+00:00","description":"D\u00e9cidez entre les solutions d'impression sur site et celles bas\u00e9es sur le cloud en explorant les avantages et les inconv\u00e9nients de chacune d'entre elles. D\u00e9couvrez comment l'\u00e9volutivit\u00e9, le co\u00fbt, la s\u00e9curit\u00e9 des donn\u00e9es et la flexibilit\u00e9 influencent les besoins de votre entreprise.","breadcrumb":{"@id":"https:\/\/toshiba-cloud-print.eu\/fr\/impression\/cloud-ou-on-premise\/#breadcrumb"},"inLanguage":"fr-FR","potentialAction":[{"@type":"ReadAction","target":["https:\/\/toshiba-cloud-print.eu\/fr\/impression\/cloud-ou-on-premise\/"]}]},{"@type":"BreadcrumbList","@id":"https:\/\/toshiba-cloud-print.eu\/fr\/impression\/cloud-ou-on-premise\/#breadcrumb","itemListElement":[{"@type":"ListItem","position":1,"name":"Home","item":"https:\/\/toshiba-cloud-print.eu\/fr\/"},{"@type":"ListItem","position":2,"name":"Connaissances de l\u2019impression","item":"https:\/\/toshiba-cloud-print.eu\/fr\/impression\/"},{"@type":"ListItem","position":3,"name":"Solutions cloud ou en local?"}]},{"@type":"WebSite","@id":"https:\/\/toshiba-cloud-print.eu\/#website","url":"https:\/\/toshiba-cloud-print.eu\/","name":"Toshiba Tec Europe. All rights reserved","description":"Cloud Printing Solutions for Your Business","publisher":{"@id":"https:\/\/toshiba-cloud-print.eu\/#organization"},"potentialAction":[{"@type":"SearchAction","target":{"@type":"EntryPoint","urlTemplate":"https:\/\/toshiba-cloud-print.eu\/?s={search_term_string}"},"query-input":{"@type":"PropertyValueSpecification","valueRequired":true,"valueName":"search_term_string"}}],"inLanguage":"fr-FR"},{"@type":"Organization","@id":"https:\/\/toshiba-cloud-print.eu\/#organization","name":"Toshiba Tec Europe. All rights reserved","url":"https:\/\/toshiba-cloud-print.eu\/","logo":{"@type":"ImageObject","inLanguage":"fr-FR","@id":"https:\/\/toshiba-cloud-print.eu\/#\/schema\/logo\/image\/","url":"https:\/\/toshiba-cloud-print.eu\/wp-content\/uploads\/2024\/08\/share-img-toshiba-1.png","contentUrl":"https:\/\/toshiba-cloud-print.eu\/wp-content\/uploads\/2024\/08\/share-img-toshiba-1.png","width":1200,"height":628,"caption":"Toshiba Tec Europe. All rights reserved"},"image":{"@id":"https:\/\/toshiba-cloud-print.eu\/#\/schema\/logo\/image\/"}}]}},"_links":{"self":[{"href":"https:\/\/toshiba-cloud-print.eu\/fr\/wp-json\/wp\/v2\/pages\/3317","targetHints":{"allow":["GET"]}}],"collection":[{"href":"https:\/\/toshiba-cloud-print.eu\/fr\/wp-json\/wp\/v2\/pages"}],"about":[{"href":"https:\/\/toshiba-cloud-print.eu\/fr\/wp-json\/wp\/v2\/types\/page"}],"author":[{"embeddable":true,"href":"https:\/\/toshiba-cloud-print.eu\/fr\/wp-json\/wp\/v2\/users\/1"}],"replies":[{"embeddable":true,"href":"https:\/\/toshiba-cloud-print.eu\/fr\/wp-json\/wp\/v2\/comments?post=3317"}],"version-history":[{"count":9,"href":"https:\/\/toshiba-cloud-print.eu\/fr\/wp-json\/wp\/v2\/pages\/3317\/revisions"}],"predecessor-version":[{"id":3787,"href":"https:\/\/toshiba-cloud-print.eu\/fr\/wp-json\/wp\/v2\/pages\/3317\/revisions\/3787"}],"up":[{"embeddable":true,"href":"https:\/\/toshiba-cloud-print.eu\/fr\/wp-json\/wp\/v2\/pages\/3305"}],"wp:attachment":[{"href":"https:\/\/toshiba-cloud-print.eu\/fr\/wp-json\/wp\/v2\/media?parent=3317"}],"curies":[{"name":"wp","href":"https:\/\/api.w.org\/{rel}","templated":true}]}}