{"id":3303,"date":"2018-07-27T14:43:48","date_gmt":"2018-07-27T12:43:48","guid":{"rendered":"https:\/\/toshiba-cloud-print.eu\/privacy-policy\/"},"modified":"2025-06-23T17:16:13","modified_gmt":"2025-06-23T15:16:13","slug":"politique-de-confidentialite","status":"publish","type":"page","link":"https:\/\/toshiba-cloud-print.eu\/fr\/politique-de-confidentialite\/","title":{"rendered":"Politique de confidentialit\u00e9"},"content":{"rendered":"","protected":false},"excerpt":{"rendered":"","protected":false},"author":1,"featured_media":0,"parent":0,"menu_order":147,"comment_status":"closed","ping_status":"closed","template":"","meta":{"_acf_changed":false,"footnotes":""},"class_list":["post-3303","page","type-page","status-publish","hentry"],"acf":[],"yoast_head":"<!-- This site is optimized with the Yoast SEO plugin v25.2 - https:\/\/yoast.com\/wordpress\/plugins\/seo\/ -->\n<title>Politique de confidentialit\u00e9<\/title>\n<meta name=\"description\" content=\"Votre vie priv\u00e9e est importante. Obtenez des r\u00e9ponses claires sur la mani\u00e8re dont nous utilisons vos donn\u00e9es et prot\u00e9geons vos informations personnelles.\" \/>\n<meta name=\"robots\" content=\"index, follow, max-snippet:-1, max-image-preview:large, max-video-preview:-1\" \/>\n<link rel=\"canonical\" href=\"https:\/\/toshiba-cloud-print.eu\/fr\/politique-de-confidentialite\/\" \/>\n<meta property=\"og:locale\" content=\"fr_FR\" \/>\n<meta property=\"og:type\" content=\"article\" \/>\n<meta property=\"og:title\" content=\"Politique de confidentialit\u00e9\" \/>\n<meta property=\"og:description\" content=\"Votre vie priv\u00e9e est importante. Obtenez des r\u00e9ponses claires sur la mani\u00e8re dont nous utilisons vos donn\u00e9es et prot\u00e9geons vos informations personnelles.\" \/>\n<meta property=\"og:url\" content=\"https:\/\/toshiba-cloud-print.eu\/fr\/politique-de-confidentialite\/\" \/>\n<meta property=\"og:site_name\" content=\"Toshiba Tec Europe. All rights reserved\" \/>\n<meta property=\"article:modified_time\" content=\"2025-06-23T15:16:13+00:00\" \/>\n<meta property=\"og:image\" content=\"https:\/\/toshiba-cloud-print.eu\/wp-content\/uploads\/2024\/08\/share-img-toshiba-1.png\" \/>\n\t<meta property=\"og:image:width\" content=\"1200\" \/>\n\t<meta property=\"og:image:height\" content=\"628\" \/>\n\t<meta property=\"og:image:type\" content=\"image\/png\" \/>\n<meta name=\"twitter:card\" content=\"summary_large_image\" \/>\n<meta name=\"twitter:label1\" content=\"Dur\u00e9e de lecture estim\u00e9e\" \/>\n\t<meta name=\"twitter:data1\" content=\"3 minutes\" \/>\n<script type=\"application\/ld+json\" class=\"yoast-schema-graph\">{\"@context\":\"https:\/\/schema.org\",\"@graph\":[{\"@type\":\"WebPage\",\"@id\":\"https:\/\/toshiba-cloud-print.eu\/fr\/politique-de-confidentialite\/\",\"url\":\"https:\/\/toshiba-cloud-print.eu\/fr\/politique-de-confidentialite\/\",\"name\":\"Politique de confidentialit\u00e9\",\"isPartOf\":{\"@id\":\"https:\/\/toshiba-cloud-print.eu\/#website\"},\"datePublished\":\"2018-07-27T12:43:48+00:00\",\"dateModified\":\"2025-06-23T15:16:13+00:00\",\"description\":\"Votre vie priv\u00e9e est importante. Obtenez des r\u00e9ponses claires sur la mani\u00e8re dont nous utilisons vos donn\u00e9es et prot\u00e9geons vos informations personnelles.\",\"breadcrumb\":{\"@id\":\"https:\/\/toshiba-cloud-print.eu\/fr\/politique-de-confidentialite\/#breadcrumb\"},\"inLanguage\":\"fr-FR\",\"potentialAction\":[{\"@type\":\"ReadAction\",\"target\":[\"https:\/\/toshiba-cloud-print.eu\/fr\/politique-de-confidentialite\/\"]}]},{\"@type\":\"BreadcrumbList\",\"@id\":\"https:\/\/toshiba-cloud-print.eu\/fr\/politique-de-confidentialite\/#breadcrumb\",\"itemListElement\":[{\"@type\":\"ListItem\",\"position\":1,\"name\":\"Home\",\"item\":\"https:\/\/toshiba-cloud-print.eu\/fr\/\"},{\"@type\":\"ListItem\",\"position\":2,\"name\":\"Politique de confidentialit\u00e9\"}]},{\"@type\":\"WebSite\",\"@id\":\"https:\/\/toshiba-cloud-print.eu\/#website\",\"url\":\"https:\/\/toshiba-cloud-print.eu\/\",\"name\":\"Toshiba Tec Europe. All rights reserved\",\"description\":\"Cloud Printing Solutions for Your Business\",\"publisher\":{\"@id\":\"https:\/\/toshiba-cloud-print.eu\/#organization\"},\"potentialAction\":[{\"@type\":\"SearchAction\",\"target\":{\"@type\":\"EntryPoint\",\"urlTemplate\":\"https:\/\/toshiba-cloud-print.eu\/?s={search_term_string}\"},\"query-input\":{\"@type\":\"PropertyValueSpecification\",\"valueRequired\":true,\"valueName\":\"search_term_string\"}}],\"inLanguage\":\"fr-FR\"},{\"@type\":\"Organization\",\"@id\":\"https:\/\/toshiba-cloud-print.eu\/#organization\",\"name\":\"Toshiba Tec Europe. All rights reserved\",\"url\":\"https:\/\/toshiba-cloud-print.eu\/\",\"logo\":{\"@type\":\"ImageObject\",\"inLanguage\":\"fr-FR\",\"@id\":\"https:\/\/toshiba-cloud-print.eu\/#\/schema\/logo\/image\/\",\"url\":\"https:\/\/toshiba-cloud-print.eu\/wp-content\/uploads\/2024\/08\/share-img-toshiba-1.png\",\"contentUrl\":\"https:\/\/toshiba-cloud-print.eu\/wp-content\/uploads\/2024\/08\/share-img-toshiba-1.png\",\"width\":1200,\"height\":628,\"caption\":\"Toshiba Tec Europe. All rights reserved\"},\"image\":{\"@id\":\"https:\/\/toshiba-cloud-print.eu\/#\/schema\/logo\/image\/\"}}]}<\/script>\n<!-- \/ Yoast SEO plugin. -->","yoast_head_json":{"title":"Politique de confidentialit\u00e9","description":"Votre vie priv\u00e9e est importante. Obtenez des r\u00e9ponses claires sur la mani\u00e8re dont nous utilisons vos donn\u00e9es et prot\u00e9geons vos informations personnelles.","robots":{"index":"index","follow":"follow","max-snippet":"max-snippet:-1","max-image-preview":"max-image-preview:large","max-video-preview":"max-video-preview:-1"},"canonical":"https:\/\/toshiba-cloud-print.eu\/fr\/politique-de-confidentialite\/","og_locale":"fr_FR","og_type":"article","og_title":"Politique de confidentialit\u00e9","og_description":"Votre vie priv\u00e9e est importante. Obtenez des r\u00e9ponses claires sur la mani\u00e8re dont nous utilisons vos donn\u00e9es et prot\u00e9geons vos informations personnelles.","og_url":"https:\/\/toshiba-cloud-print.eu\/fr\/politique-de-confidentialite\/","og_site_name":"Toshiba Tec Europe. All rights reserved","article_modified_time":"2025-06-23T15:16:13+00:00","og_image":[{"width":1200,"height":628,"url":"https:\/\/toshiba-cloud-print.eu\/wp-content\/uploads\/2024\/08\/share-img-toshiba-1.png","type":"image\/png"}],"twitter_card":"summary_large_image","twitter_misc":{"Dur\u00e9e de lecture estim\u00e9e":"3 minutes"},"schema":{"@context":"https:\/\/schema.org","@graph":[{"@type":"WebPage","@id":"https:\/\/toshiba-cloud-print.eu\/fr\/politique-de-confidentialite\/","url":"https:\/\/toshiba-cloud-print.eu\/fr\/politique-de-confidentialite\/","name":"Politique de confidentialit\u00e9","isPartOf":{"@id":"https:\/\/toshiba-cloud-print.eu\/#website"},"datePublished":"2018-07-27T12:43:48+00:00","dateModified":"2025-06-23T15:16:13+00:00","description":"Votre vie priv\u00e9e est importante. Obtenez des r\u00e9ponses claires sur la mani\u00e8re dont nous utilisons vos donn\u00e9es et prot\u00e9geons vos informations personnelles.","breadcrumb":{"@id":"https:\/\/toshiba-cloud-print.eu\/fr\/politique-de-confidentialite\/#breadcrumb"},"inLanguage":"fr-FR","potentialAction":[{"@type":"ReadAction","target":["https:\/\/toshiba-cloud-print.eu\/fr\/politique-de-confidentialite\/"]}]},{"@type":"BreadcrumbList","@id":"https:\/\/toshiba-cloud-print.eu\/fr\/politique-de-confidentialite\/#breadcrumb","itemListElement":[{"@type":"ListItem","position":1,"name":"Home","item":"https:\/\/toshiba-cloud-print.eu\/fr\/"},{"@type":"ListItem","position":2,"name":"Politique de confidentialit\u00e9"}]},{"@type":"WebSite","@id":"https:\/\/toshiba-cloud-print.eu\/#website","url":"https:\/\/toshiba-cloud-print.eu\/","name":"Toshiba Tec Europe. All rights reserved","description":"Cloud Printing Solutions for Your Business","publisher":{"@id":"https:\/\/toshiba-cloud-print.eu\/#organization"},"potentialAction":[{"@type":"SearchAction","target":{"@type":"EntryPoint","urlTemplate":"https:\/\/toshiba-cloud-print.eu\/?s={search_term_string}"},"query-input":{"@type":"PropertyValueSpecification","valueRequired":true,"valueName":"search_term_string"}}],"inLanguage":"fr-FR"},{"@type":"Organization","@id":"https:\/\/toshiba-cloud-print.eu\/#organization","name":"Toshiba Tec Europe. All rights reserved","url":"https:\/\/toshiba-cloud-print.eu\/","logo":{"@type":"ImageObject","inLanguage":"fr-FR","@id":"https:\/\/toshiba-cloud-print.eu\/#\/schema\/logo\/image\/","url":"https:\/\/toshiba-cloud-print.eu\/wp-content\/uploads\/2024\/08\/share-img-toshiba-1.png","contentUrl":"https:\/\/toshiba-cloud-print.eu\/wp-content\/uploads\/2024\/08\/share-img-toshiba-1.png","width":1200,"height":628,"caption":"Toshiba Tec Europe. All rights reserved"},"image":{"@id":"https:\/\/toshiba-cloud-print.eu\/#\/schema\/logo\/image\/"}}]}},"_links":{"self":[{"href":"https:\/\/toshiba-cloud-print.eu\/fr\/wp-json\/wp\/v2\/pages\/3303","targetHints":{"allow":["GET"]}}],"collection":[{"href":"https:\/\/toshiba-cloud-print.eu\/fr\/wp-json\/wp\/v2\/pages"}],"about":[{"href":"https:\/\/toshiba-cloud-print.eu\/fr\/wp-json\/wp\/v2\/types\/page"}],"author":[{"embeddable":true,"href":"https:\/\/toshiba-cloud-print.eu\/fr\/wp-json\/wp\/v2\/users\/1"}],"replies":[{"embeddable":true,"href":"https:\/\/toshiba-cloud-print.eu\/fr\/wp-json\/wp\/v2\/comments?post=3303"}],"version-history":[{"count":6,"href":"https:\/\/toshiba-cloud-print.eu\/fr\/wp-json\/wp\/v2\/pages\/3303\/revisions"}],"predecessor-version":[{"id":3794,"href":"https:\/\/toshiba-cloud-print.eu\/fr\/wp-json\/wp\/v2\/pages\/3303\/revisions\/3794"}],"wp:attachment":[{"href":"https:\/\/toshiba-cloud-print.eu\/fr\/wp-json\/wp\/v2\/media?parent=3303"}],"curies":[{"name":"wp","href":"https:\/\/api.w.org\/{rel}","templated":true}]}}