{"id":2386,"date":"2024-08-29T14:43:38","date_gmt":"2024-08-29T12:43:38","guid":{"rendered":"https:\/\/toshiba-cloud-print.eu\/solutions\/print-server\/"},"modified":"2025-06-27T11:46:49","modified_gmt":"2025-06-27T09:46:49","slug":"tulostuspalvelin","status":"publish","type":"page","link":"https:\/\/toshiba-cloud-print.eu\/fi\/tulostusratkaisut\/tulostuspalvelin\/","title":{"rendered":"Tulostuspalvelin"},"content":{"rendered":"","protected":false},"excerpt":{"rendered":"","protected":false},"author":1,"featured_media":0,"parent":2368,"menu_order":4,"comment_status":"closed","ping_status":"closed","template":"","meta":{"_acf_changed":false,"footnotes":""},"class_list":["post-2386","page","type-page","status-publish","hentry"],"acf":[],"yoast_head":"<!-- This site is optimized with the Yoast SEO plugin v25.2 - https:\/\/yoast.com\/wordpress\/plugins\/seo\/ -->\n<title>Tulostuspalvelin - Toshiba Tec Europe<\/title>\n<meta name=\"description\" content=\"Tutustu tulostuspalvelinten rooliin tulostust\u00f6iden hallinnassa verkkojen v\u00e4lill\u00e4. Opi lis\u00e4\u00e4 erityyppisist\u00e4 tulostuspalvelimista, mukaan lukien pilvi- ja palvelimettomat vaihtoehdot.\" \/>\n<meta name=\"robots\" content=\"index, follow, max-snippet:-1, max-image-preview:large, max-video-preview:-1\" \/>\n<link rel=\"canonical\" href=\"https:\/\/toshiba-cloud-print.eu\/solutions\/print-server\/\" \/>\n<meta property=\"og:locale\" content=\"fi_FI\" \/>\n<meta property=\"og:type\" content=\"article\" \/>\n<meta property=\"og:title\" content=\"Tulostuspalvelin - Toshiba Tec Europe\" \/>\n<meta property=\"og:description\" content=\"Tutustu tulostuspalvelinten rooliin tulostust\u00f6iden hallinnassa verkkojen v\u00e4lill\u00e4. Opi lis\u00e4\u00e4 erityyppisist\u00e4 tulostuspalvelimista, mukaan lukien pilvi- ja palvelimettomat vaihtoehdot.\" \/>\n<meta property=\"og:url\" content=\"https:\/\/toshiba-cloud-print.eu\/solutions\/print-server\/\" \/>\n<meta property=\"og:site_name\" content=\"Toshiba Tec Europe. All rights reserved\" \/>\n<meta property=\"article:modified_time\" content=\"2025-06-27T09:46:49+00:00\" \/>\n<meta property=\"og:image\" content=\"https:\/\/toshiba-cloud-print.eu\/wp-content\/uploads\/2024\/08\/share-img-toshiba-1.png\" \/>\n\t<meta property=\"og:image:width\" content=\"1200\" \/>\n\t<meta property=\"og:image:height\" content=\"628\" \/>\n\t<meta property=\"og:image:type\" content=\"image\/png\" \/>\n<meta name=\"twitter:card\" content=\"summary_large_image\" \/>\n<meta name=\"twitter:label1\" content=\"Arvioitu lukuaika\" \/>\n\t<meta name=\"twitter:data1\" content=\"3 minuuttia\" \/>\n<script type=\"application\/ld+json\" class=\"yoast-schema-graph\">{\"@context\":\"https:\/\/schema.org\",\"@graph\":[{\"@type\":\"WebPage\",\"@id\":\"https:\/\/toshiba-cloud-print.eu\/solutions\/print-server\/\",\"url\":\"https:\/\/toshiba-cloud-print.eu\/solutions\/print-server\/\",\"name\":\"Tulostuspalvelin - Toshiba Tec Europe\",\"isPartOf\":{\"@id\":\"https:\/\/toshiba-cloud-print.eu\/#website\"},\"datePublished\":\"2024-08-29T12:43:38+00:00\",\"dateModified\":\"2025-06-27T09:46:49+00:00\",\"description\":\"Tutustu tulostuspalvelinten rooliin tulostust\u00f6iden hallinnassa verkkojen v\u00e4lill\u00e4. Opi lis\u00e4\u00e4 erityyppisist\u00e4 tulostuspalvelimista, mukaan lukien pilvi- ja palvelimettomat vaihtoehdot.\",\"breadcrumb\":{\"@id\":\"https:\/\/toshiba-cloud-print.eu\/solutions\/print-server\/#breadcrumb\"},\"inLanguage\":\"fi\",\"potentialAction\":[{\"@type\":\"ReadAction\",\"target\":[\"https:\/\/toshiba-cloud-print.eu\/solutions\/print-server\/\"]}]},{\"@type\":\"BreadcrumbList\",\"@id\":\"https:\/\/toshiba-cloud-print.eu\/solutions\/print-server\/#breadcrumb\",\"itemListElement\":[{\"@type\":\"ListItem\",\"position\":1,\"name\":\"Home\",\"item\":\"https:\/\/toshiba-cloud-print.eu\/fi\/\"},{\"@type\":\"ListItem\",\"position\":2,\"name\":\"Tulostusratkaisut\",\"item\":\"https:\/\/toshiba-cloud-print.eu\/fi\/tulostusratkaisut\/\"},{\"@type\":\"ListItem\",\"position\":3,\"name\":\"Tulostuspalvelin\"}]},{\"@type\":\"WebSite\",\"@id\":\"https:\/\/toshiba-cloud-print.eu\/#website\",\"url\":\"https:\/\/toshiba-cloud-print.eu\/\",\"name\":\"Toshiba Tec Europe. All rights reserved\",\"description\":\"Cloud Printing Solutions for Your Business\",\"publisher\":{\"@id\":\"https:\/\/toshiba-cloud-print.eu\/#organization\"},\"potentialAction\":[{\"@type\":\"SearchAction\",\"target\":{\"@type\":\"EntryPoint\",\"urlTemplate\":\"https:\/\/toshiba-cloud-print.eu\/?s={search_term_string}\"},\"query-input\":{\"@type\":\"PropertyValueSpecification\",\"valueRequired\":true,\"valueName\":\"search_term_string\"}}],\"inLanguage\":\"fi\"},{\"@type\":\"Organization\",\"@id\":\"https:\/\/toshiba-cloud-print.eu\/#organization\",\"name\":\"Toshiba Tec Europe. All rights reserved\",\"url\":\"https:\/\/toshiba-cloud-print.eu\/\",\"logo\":{\"@type\":\"ImageObject\",\"inLanguage\":\"fi\",\"@id\":\"https:\/\/toshiba-cloud-print.eu\/#\/schema\/logo\/image\/\",\"url\":\"https:\/\/toshiba-cloud-print.eu\/wp-content\/uploads\/2024\/08\/share-img-toshiba-1.png\",\"contentUrl\":\"https:\/\/toshiba-cloud-print.eu\/wp-content\/uploads\/2024\/08\/share-img-toshiba-1.png\",\"width\":1200,\"height\":628,\"caption\":\"Toshiba Tec Europe. All rights reserved\"},\"image\":{\"@id\":\"https:\/\/toshiba-cloud-print.eu\/#\/schema\/logo\/image\/\"}}]}<\/script>\n<!-- \/ Yoast SEO plugin. -->","yoast_head_json":{"title":"Tulostuspalvelin - Toshiba Tec Europe","description":"Tutustu tulostuspalvelinten rooliin tulostust\u00f6iden hallinnassa verkkojen v\u00e4lill\u00e4. Opi lis\u00e4\u00e4 erityyppisist\u00e4 tulostuspalvelimista, mukaan lukien pilvi- ja palvelimettomat vaihtoehdot.","robots":{"index":"index","follow":"follow","max-snippet":"max-snippet:-1","max-image-preview":"max-image-preview:large","max-video-preview":"max-video-preview:-1"},"canonical":"https:\/\/toshiba-cloud-print.eu\/solutions\/print-server\/","og_locale":"fi_FI","og_type":"article","og_title":"Tulostuspalvelin - Toshiba Tec Europe","og_description":"Tutustu tulostuspalvelinten rooliin tulostust\u00f6iden hallinnassa verkkojen v\u00e4lill\u00e4. Opi lis\u00e4\u00e4 erityyppisist\u00e4 tulostuspalvelimista, mukaan lukien pilvi- ja palvelimettomat vaihtoehdot.","og_url":"https:\/\/toshiba-cloud-print.eu\/solutions\/print-server\/","og_site_name":"Toshiba Tec Europe. All rights reserved","article_modified_time":"2025-06-27T09:46:49+00:00","og_image":[{"width":1200,"height":628,"url":"https:\/\/toshiba-cloud-print.eu\/wp-content\/uploads\/2024\/08\/share-img-toshiba-1.png","type":"image\/png"}],"twitter_card":"summary_large_image","twitter_misc":{"Arvioitu lukuaika":"3 minuuttia"},"schema":{"@context":"https:\/\/schema.org","@graph":[{"@type":"WebPage","@id":"https:\/\/toshiba-cloud-print.eu\/solutions\/print-server\/","url":"https:\/\/toshiba-cloud-print.eu\/solutions\/print-server\/","name":"Tulostuspalvelin - Toshiba Tec Europe","isPartOf":{"@id":"https:\/\/toshiba-cloud-print.eu\/#website"},"datePublished":"2024-08-29T12:43:38+00:00","dateModified":"2025-06-27T09:46:49+00:00","description":"Tutustu tulostuspalvelinten rooliin tulostust\u00f6iden hallinnassa verkkojen v\u00e4lill\u00e4. Opi lis\u00e4\u00e4 erityyppisist\u00e4 tulostuspalvelimista, mukaan lukien pilvi- ja palvelimettomat vaihtoehdot.","breadcrumb":{"@id":"https:\/\/toshiba-cloud-print.eu\/solutions\/print-server\/#breadcrumb"},"inLanguage":"fi","potentialAction":[{"@type":"ReadAction","target":["https:\/\/toshiba-cloud-print.eu\/solutions\/print-server\/"]}]},{"@type":"BreadcrumbList","@id":"https:\/\/toshiba-cloud-print.eu\/solutions\/print-server\/#breadcrumb","itemListElement":[{"@type":"ListItem","position":1,"name":"Home","item":"https:\/\/toshiba-cloud-print.eu\/fi\/"},{"@type":"ListItem","position":2,"name":"Tulostusratkaisut","item":"https:\/\/toshiba-cloud-print.eu\/fi\/tulostusratkaisut\/"},{"@type":"ListItem","position":3,"name":"Tulostuspalvelin"}]},{"@type":"WebSite","@id":"https:\/\/toshiba-cloud-print.eu\/#website","url":"https:\/\/toshiba-cloud-print.eu\/","name":"Toshiba Tec Europe. All rights reserved","description":"Cloud Printing Solutions for Your Business","publisher":{"@id":"https:\/\/toshiba-cloud-print.eu\/#organization"},"potentialAction":[{"@type":"SearchAction","target":{"@type":"EntryPoint","urlTemplate":"https:\/\/toshiba-cloud-print.eu\/?s={search_term_string}"},"query-input":{"@type":"PropertyValueSpecification","valueRequired":true,"valueName":"search_term_string"}}],"inLanguage":"fi"},{"@type":"Organization","@id":"https:\/\/toshiba-cloud-print.eu\/#organization","name":"Toshiba Tec Europe. All rights reserved","url":"https:\/\/toshiba-cloud-print.eu\/","logo":{"@type":"ImageObject","inLanguage":"fi","@id":"https:\/\/toshiba-cloud-print.eu\/#\/schema\/logo\/image\/","url":"https:\/\/toshiba-cloud-print.eu\/wp-content\/uploads\/2024\/08\/share-img-toshiba-1.png","contentUrl":"https:\/\/toshiba-cloud-print.eu\/wp-content\/uploads\/2024\/08\/share-img-toshiba-1.png","width":1200,"height":628,"caption":"Toshiba Tec Europe. All rights reserved"},"image":{"@id":"https:\/\/toshiba-cloud-print.eu\/#\/schema\/logo\/image\/"}}]}},"_links":{"self":[{"href":"https:\/\/toshiba-cloud-print.eu\/fi\/wp-json\/wp\/v2\/pages\/2386","targetHints":{"allow":["GET"]}}],"collection":[{"href":"https:\/\/toshiba-cloud-print.eu\/fi\/wp-json\/wp\/v2\/pages"}],"about":[{"href":"https:\/\/toshiba-cloud-print.eu\/fi\/wp-json\/wp\/v2\/types\/page"}],"author":[{"embeddable":true,"href":"https:\/\/toshiba-cloud-print.eu\/fi\/wp-json\/wp\/v2\/users\/1"}],"replies":[{"embeddable":true,"href":"https:\/\/toshiba-cloud-print.eu\/fi\/wp-json\/wp\/v2\/comments?post=2386"}],"version-history":[{"count":7,"href":"https:\/\/toshiba-cloud-print.eu\/fi\/wp-json\/wp\/v2\/pages\/2386\/revisions"}],"predecessor-version":[{"id":3110,"href":"https:\/\/toshiba-cloud-print.eu\/fi\/wp-json\/wp\/v2\/pages\/2386\/revisions\/3110"}],"up":[{"embeddable":true,"href":"https:\/\/toshiba-cloud-print.eu\/fi\/wp-json\/wp\/v2\/pages\/2368"}],"wp:attachment":[{"href":"https:\/\/toshiba-cloud-print.eu\/fi\/wp-json\/wp\/v2\/media?parent=2386"}],"curies":[{"name":"wp","href":"https:\/\/api.w.org\/{rel}","templated":true}]}}