{"id":3279,"date":"2024-08-29T16:35:58","date_gmt":"2024-08-29T14:35:58","guid":{"rendered":"https:\/\/toshiba-cloud-print.eu\/print-knowledge\/how-to-reduce-print-costs\/"},"modified":"2025-05-30T15:47:12","modified_gmt":"2025-05-30T13:47:12","slug":"druckkosten-reduzieren","status":"publish","type":"page","link":"https:\/\/toshiba-cloud-print.eu\/de\/ratgeber\/druckkosten-reduzieren\/","title":{"rendered":"Wie man Druckkosten reduziert"},"content":{"rendered":"","protected":false},"excerpt":{"rendered":"","protected":false},"author":1,"featured_media":0,"parent":3262,"menu_order":73,"comment_status":"closed","ping_status":"closed","template":"","meta":{"_acf_changed":false,"footnotes":""},"class_list":["post-3279","page","type-page","status-publish","hentry"],"acf":[],"yoast_head":"<!-- This site is optimized with the Yoast SEO plugin v25.2 - https:\/\/yoast.com\/wordpress\/plugins\/seo\/ -->\n<title>So k\u00f6nnen Sie Ihre Druckkosten Reduzieren<\/title>\n<meta name=\"description\" content=\"Praktische Tipps, um im Alltag und B\u00fcro Druckkosten zu reduzieren. Entdecken Sie effiziente Wege f\u00fcr g\u00fcnstigeres Drucken.\" \/>\n<meta name=\"robots\" content=\"index, follow, max-snippet:-1, max-image-preview:large, max-video-preview:-1\" \/>\n<link rel=\"canonical\" href=\"https:\/\/toshiba-cloud-print.eu\/de\/ratgeber\/druckkosten-reduzieren\/\" \/>\n<meta property=\"og:locale\" content=\"de_DE\" \/>\n<meta property=\"og:type\" content=\"article\" \/>\n<meta property=\"og:title\" content=\"So k\u00f6nnen Sie Ihre Druckkosten Reduzieren\" \/>\n<meta property=\"og:description\" content=\"Praktische Tipps, um im Alltag und B\u00fcro Druckkosten zu reduzieren. Entdecken Sie effiziente Wege f\u00fcr g\u00fcnstigeres Drucken.\" \/>\n<meta property=\"og:url\" content=\"https:\/\/toshiba-cloud-print.eu\/de\/ratgeber\/druckkosten-reduzieren\/\" \/>\n<meta property=\"og:site_name\" content=\"Toshiba Tec Europe. All rights reserved\" \/>\n<meta property=\"article:modified_time\" content=\"2025-05-30T13:47:12+00:00\" \/>\n<meta property=\"og:image\" content=\"https:\/\/toshiba-cloud-print.eu\/wp-content\/uploads\/2024\/08\/share-img-toshiba-1.png\" \/>\n\t<meta property=\"og:image:width\" content=\"1200\" \/>\n\t<meta property=\"og:image:height\" content=\"628\" \/>\n\t<meta property=\"og:image:type\" content=\"image\/png\" \/>\n<meta name=\"twitter:card\" content=\"summary_large_image\" \/>\n<meta name=\"twitter:label1\" content=\"Gesch\u00e4tzte Lesezeit\" \/>\n\t<meta name=\"twitter:data1\" content=\"4\u00a0Minuten\" \/>\n<script type=\"application\/ld+json\" class=\"yoast-schema-graph\">{\"@context\":\"https:\/\/schema.org\",\"@graph\":[{\"@type\":\"WebPage\",\"@id\":\"https:\/\/toshiba-cloud-print.eu\/de\/ratgeber\/druckkosten-reduzieren\/\",\"url\":\"https:\/\/toshiba-cloud-print.eu\/de\/ratgeber\/druckkosten-reduzieren\/\",\"name\":\"So k\u00f6nnen Sie Ihre Druckkosten Reduzieren\",\"isPartOf\":{\"@id\":\"https:\/\/toshiba-cloud-print.eu\/#website\"},\"datePublished\":\"2024-08-29T14:35:58+00:00\",\"dateModified\":\"2025-05-30T13:47:12+00:00\",\"description\":\"Praktische Tipps, um im Alltag und B\u00fcro Druckkosten zu reduzieren. Entdecken Sie effiziente Wege f\u00fcr g\u00fcnstigeres Drucken.\",\"breadcrumb\":{\"@id\":\"https:\/\/toshiba-cloud-print.eu\/de\/ratgeber\/druckkosten-reduzieren\/#breadcrumb\"},\"inLanguage\":\"de\",\"potentialAction\":[{\"@type\":\"ReadAction\",\"target\":[\"https:\/\/toshiba-cloud-print.eu\/de\/ratgeber\/druckkosten-reduzieren\/\"]}]},{\"@type\":\"BreadcrumbList\",\"@id\":\"https:\/\/toshiba-cloud-print.eu\/de\/ratgeber\/druckkosten-reduzieren\/#breadcrumb\",\"itemListElement\":[{\"@type\":\"ListItem\",\"position\":1,\"name\":\"Home\",\"item\":\"https:\/\/toshiba-cloud-print.eu\/de\/\"},{\"@type\":\"ListItem\",\"position\":2,\"name\":\"Ratgeber\",\"item\":\"https:\/\/toshiba-cloud-print.eu\/de\/ratgeber\/\"},{\"@type\":\"ListItem\",\"position\":3,\"name\":\"Wie man Druckkosten reduziert\"}]},{\"@type\":\"WebSite\",\"@id\":\"https:\/\/toshiba-cloud-print.eu\/#website\",\"url\":\"https:\/\/toshiba-cloud-print.eu\/\",\"name\":\"Toshiba Tec Europe. All rights reserved\",\"description\":\"Cloud Printing Solutions for Your Business\",\"publisher\":{\"@id\":\"https:\/\/toshiba-cloud-print.eu\/#organization\"},\"potentialAction\":[{\"@type\":\"SearchAction\",\"target\":{\"@type\":\"EntryPoint\",\"urlTemplate\":\"https:\/\/toshiba-cloud-print.eu\/?s={search_term_string}\"},\"query-input\":{\"@type\":\"PropertyValueSpecification\",\"valueRequired\":true,\"valueName\":\"search_term_string\"}}],\"inLanguage\":\"de\"},{\"@type\":\"Organization\",\"@id\":\"https:\/\/toshiba-cloud-print.eu\/#organization\",\"name\":\"Toshiba Tec Europe. All rights reserved\",\"url\":\"https:\/\/toshiba-cloud-print.eu\/\",\"logo\":{\"@type\":\"ImageObject\",\"inLanguage\":\"de\",\"@id\":\"https:\/\/toshiba-cloud-print.eu\/#\/schema\/logo\/image\/\",\"url\":\"https:\/\/toshiba-cloud-print.eu\/wp-content\/uploads\/2024\/08\/share-img-toshiba-1.png\",\"contentUrl\":\"https:\/\/toshiba-cloud-print.eu\/wp-content\/uploads\/2024\/08\/share-img-toshiba-1.png\",\"width\":1200,\"height\":628,\"caption\":\"Toshiba Tec Europe. All rights reserved\"},\"image\":{\"@id\":\"https:\/\/toshiba-cloud-print.eu\/#\/schema\/logo\/image\/\"}}]}<\/script>\n<!-- \/ Yoast SEO plugin. -->","yoast_head_json":{"title":"So k\u00f6nnen Sie Ihre Druckkosten Reduzieren","description":"Praktische Tipps, um im Alltag und B\u00fcro Druckkosten zu reduzieren. Entdecken Sie effiziente Wege f\u00fcr g\u00fcnstigeres Drucken.","robots":{"index":"index","follow":"follow","max-snippet":"max-snippet:-1","max-image-preview":"max-image-preview:large","max-video-preview":"max-video-preview:-1"},"canonical":"https:\/\/toshiba-cloud-print.eu\/de\/ratgeber\/druckkosten-reduzieren\/","og_locale":"de_DE","og_type":"article","og_title":"So k\u00f6nnen Sie Ihre Druckkosten Reduzieren","og_description":"Praktische Tipps, um im Alltag und B\u00fcro Druckkosten zu reduzieren. Entdecken Sie effiziente Wege f\u00fcr g\u00fcnstigeres Drucken.","og_url":"https:\/\/toshiba-cloud-print.eu\/de\/ratgeber\/druckkosten-reduzieren\/","og_site_name":"Toshiba Tec Europe. All rights reserved","article_modified_time":"2025-05-30T13:47:12+00:00","og_image":[{"width":1200,"height":628,"url":"https:\/\/toshiba-cloud-print.eu\/wp-content\/uploads\/2024\/08\/share-img-toshiba-1.png","type":"image\/png"}],"twitter_card":"summary_large_image","twitter_misc":{"Gesch\u00e4tzte Lesezeit":"4\u00a0Minuten"},"schema":{"@context":"https:\/\/schema.org","@graph":[{"@type":"WebPage","@id":"https:\/\/toshiba-cloud-print.eu\/de\/ratgeber\/druckkosten-reduzieren\/","url":"https:\/\/toshiba-cloud-print.eu\/de\/ratgeber\/druckkosten-reduzieren\/","name":"So k\u00f6nnen Sie Ihre Druckkosten Reduzieren","isPartOf":{"@id":"https:\/\/toshiba-cloud-print.eu\/#website"},"datePublished":"2024-08-29T14:35:58+00:00","dateModified":"2025-05-30T13:47:12+00:00","description":"Praktische Tipps, um im Alltag und B\u00fcro Druckkosten zu reduzieren. Entdecken Sie effiziente Wege f\u00fcr g\u00fcnstigeres Drucken.","breadcrumb":{"@id":"https:\/\/toshiba-cloud-print.eu\/de\/ratgeber\/druckkosten-reduzieren\/#breadcrumb"},"inLanguage":"de","potentialAction":[{"@type":"ReadAction","target":["https:\/\/toshiba-cloud-print.eu\/de\/ratgeber\/druckkosten-reduzieren\/"]}]},{"@type":"BreadcrumbList","@id":"https:\/\/toshiba-cloud-print.eu\/de\/ratgeber\/druckkosten-reduzieren\/#breadcrumb","itemListElement":[{"@type":"ListItem","position":1,"name":"Home","item":"https:\/\/toshiba-cloud-print.eu\/de\/"},{"@type":"ListItem","position":2,"name":"Ratgeber","item":"https:\/\/toshiba-cloud-print.eu\/de\/ratgeber\/"},{"@type":"ListItem","position":3,"name":"Wie man Druckkosten reduziert"}]},{"@type":"WebSite","@id":"https:\/\/toshiba-cloud-print.eu\/#website","url":"https:\/\/toshiba-cloud-print.eu\/","name":"Toshiba Tec Europe. All rights reserved","description":"Cloud Printing Solutions for Your Business","publisher":{"@id":"https:\/\/toshiba-cloud-print.eu\/#organization"},"potentialAction":[{"@type":"SearchAction","target":{"@type":"EntryPoint","urlTemplate":"https:\/\/toshiba-cloud-print.eu\/?s={search_term_string}"},"query-input":{"@type":"PropertyValueSpecification","valueRequired":true,"valueName":"search_term_string"}}],"inLanguage":"de"},{"@type":"Organization","@id":"https:\/\/toshiba-cloud-print.eu\/#organization","name":"Toshiba Tec Europe. All rights reserved","url":"https:\/\/toshiba-cloud-print.eu\/","logo":{"@type":"ImageObject","inLanguage":"de","@id":"https:\/\/toshiba-cloud-print.eu\/#\/schema\/logo\/image\/","url":"https:\/\/toshiba-cloud-print.eu\/wp-content\/uploads\/2024\/08\/share-img-toshiba-1.png","contentUrl":"https:\/\/toshiba-cloud-print.eu\/wp-content\/uploads\/2024\/08\/share-img-toshiba-1.png","width":1200,"height":628,"caption":"Toshiba Tec Europe. All rights reserved"},"image":{"@id":"https:\/\/toshiba-cloud-print.eu\/#\/schema\/logo\/image\/"}}]}},"_links":{"self":[{"href":"https:\/\/toshiba-cloud-print.eu\/de\/wp-json\/wp\/v2\/pages\/3279","targetHints":{"allow":["GET"]}}],"collection":[{"href":"https:\/\/toshiba-cloud-print.eu\/de\/wp-json\/wp\/v2\/pages"}],"about":[{"href":"https:\/\/toshiba-cloud-print.eu\/de\/wp-json\/wp\/v2\/types\/page"}],"author":[{"embeddable":true,"href":"https:\/\/toshiba-cloud-print.eu\/de\/wp-json\/wp\/v2\/users\/1"}],"replies":[{"embeddable":true,"href":"https:\/\/toshiba-cloud-print.eu\/de\/wp-json\/wp\/v2\/comments?post=3279"}],"version-history":[{"count":13,"href":"https:\/\/toshiba-cloud-print.eu\/de\/wp-json\/wp\/v2\/pages\/3279\/revisions"}],"predecessor-version":[{"id":3683,"href":"https:\/\/toshiba-cloud-print.eu\/de\/wp-json\/wp\/v2\/pages\/3279\/revisions\/3683"}],"up":[{"embeddable":true,"href":"https:\/\/toshiba-cloud-print.eu\/de\/wp-json\/wp\/v2\/pages\/3262"}],"wp:attachment":[{"href":"https:\/\/toshiba-cloud-print.eu\/de\/wp-json\/wp\/v2\/media?parent=3279"}],"curies":[{"name":"wp","href":"https:\/\/api.w.org\/{rel}","templated":true}]}}